{"id":91,"date":"2025-07-27T17:36:05","date_gmt":"2025-07-27T17:36:05","guid":{"rendered":"http:\/\/lokago.fr\/?page_id=91"},"modified":"2025-09-28T13:40:50","modified_gmt":"2025-09-28T13:40:50","slug":"tronconneuse-thermique-stihl","status":"publish","type":"page","link":"https:\/\/lokago.fr\/?page_id=91","title":{"rendered":"Tron\u00e7onneuse thermique STIHL"},"content":{"rendered":"\n<p class=\"has-text-align-center has-x-large-font-size\">ATTENTION : il s&rsquo;agit d&rsquo;une machine necessitant de l&rsquo;huile deux temps ! <\/p>\n\n\n\n<div class=\"wp-block-group alignwide has-global-padding is-layout-constrained wp-block-group-is-layout-constrained\">\n<div class=\"wp-block-cover alignwide has-parallax has-x-large-font-size has-aspect-ratio\" style=\"border-style:none;border-width:0px;border-radius:78px;min-height:50vh;aspect-ratio:16\/9;min-height:unset;\"><div class=\"wp-block-cover__image-background wp-image-23 size-full has-parallax\" style=\"background-position:50% 50%;background-image:url(http:\/\/lokago.fr\/wp-content\/uploads\/2025\/07\/tronconneuse-a-essence-ms-172-stihl.jpg)\"><\/div><span aria-hidden=\"true\" class=\"wp-block-cover__background has-background-dim\"><\/span><div class=\"wp-block-cover__inner-container is-layout-flow wp-container-core-cover-is-layout-8a368f38 wp-block-cover-is-layout-flow\">\n<p class=\"has-text-align-center has-large-font-size\"><\/p>\n<\/div><\/div>\n<\/div>\n\n\n\n<p>Tron\u00e7onneuse therm. ms 162 cbe  +1chaine 30 cm\u00b3, gui<\/p>\n\n\n\n<p>Syst\u00e8me de d\u00e9marrage sans effort STIHL ErgoStart, tron\u00e7onneuse l\u00e9g\u00e8re et maniable, excellentes performances de coupe gr\u00e2ce \u00e0 son moteur 2-temps \u00e0 balayage stratifi\u00e9, tendeur de cha\u00eene rapide permet de tendre la cha\u00eene facilement sans otil<\/p>\n\n\n\n<p><\/p>\n\n\n\n<figure class=\"wp-block-table alignleft\"><table class=\"has-fixed-layout\"><tbody><tr><th>Fonction<\/th><td>Couper des b\u00fbches<\/td><\/tr><tr><th>Puissance (en cv)<\/th><td>15.96<\/td><\/tr><tr><th>Longueur de guide (en cm)<\/th><td>35<\/td><\/tr><tr><th>Type de tension de la cha\u00eene<\/th><td>Sans outil<\/td><\/tr><tr><th>Syst\u00e8me antivibration<\/th><td>Oui<\/td><\/tr><tr><th>Poids du produit nu (en kg)<\/th><td>5.416<\/td><\/tr><tr><th>Pression acoustique (en dB)<\/th><td>113<\/td><\/tr><tr><th>D\u00e9compresseur (thermique)<\/th><td>Non<\/td><\/tr><tr><th>Capacit\u00e9 r\u00e9servoir huile (en l)<\/th><td>0.28<\/td><\/tr><tr><th>Indicateur du niveau d&rsquo;huile<\/th><td>Oui<\/td><\/tr><tr><th>Marque du guide<\/th><td>STIHL<\/td><\/tr><tr><th>Fonction t\u00e9lescopique<\/th><td>Non<\/td><\/tr><tr><th>Type de graissage<\/th><td>Pompe automatique<\/td><\/tr><tr><th>Nombre de maillons<\/th><td>50<\/td><\/tr><tr><th>Jauge<\/th><td>1.1<\/td><\/tr><tr><th>Pas de cha\u00eene<\/th><td>3\/8&Prime;<\/td><\/tr><tr><th>Longueur de coupe (en cm)<\/th><td>35<\/td><\/tr><tr><th>Cylindr\u00e9e (en cm\u00b3)<\/th><td>30<\/td><\/tr><\/tbody><\/table><\/figure>\n\n\n\n<p><\/p>\n","protected":false},"excerpt":{"rendered":"<p>ATTENTION : il s&rsquo;agit d&rsquo;une machine necessitant de l&rsquo;huile deux temps ! Tron\u00e7onneuse therm. ms 162 cbe +1chaine 30 cm\u00b3, gui Syst\u00e8me de d\u00e9marrage sans effort STIHL ErgoStart, tron\u00e7onneuse l\u00e9g\u00e8re et maniable, excellentes performances de coupe gr\u00e2ce \u00e0 son moteur 2-temps \u00e0 balayage stratifi\u00e9, tendeur de cha\u00eene rapide permet de tendre la cha\u00eene facilement sans [&hellip;]<\/p>\n","protected":false},"author":1,"featured_media":0,"parent":254,"menu_order":0,"comment_status":"closed","ping_status":"closed","template":"","meta":{"footnotes":""},"class_list":["post-91","page","type-page","status-publish","hentry"],"_links":{"self":[{"href":"https:\/\/lokago.fr\/index.php?rest_route=\/wp\/v2\/pages\/91","targetHints":{"allow":["GET"]}}],"collection":[{"href":"https:\/\/lokago.fr\/index.php?rest_route=\/wp\/v2\/pages"}],"about":[{"href":"https:\/\/lokago.fr\/index.php?rest_route=\/wp\/v2\/types\/page"}],"author":[{"embeddable":true,"href":"https:\/\/lokago.fr\/index.php?rest_route=\/wp\/v2\/users\/1"}],"replies":[{"embeddable":true,"href":"https:\/\/lokago.fr\/index.php?rest_route=%2Fwp%2Fv2%2Fcomments&post=91"}],"version-history":[{"count":2,"href":"https:\/\/lokago.fr\/index.php?rest_route=\/wp\/v2\/pages\/91\/revisions"}],"predecessor-version":[{"id":100,"href":"https:\/\/lokago.fr\/index.php?rest_route=\/wp\/v2\/pages\/91\/revisions\/100"}],"up":[{"embeddable":true,"href":"https:\/\/lokago.fr\/index.php?rest_route=\/wp\/v2\/pages\/254"}],"wp:attachment":[{"href":"https:\/\/lokago.fr\/index.php?rest_route=%2Fwp%2Fv2%2Fmedia&parent=91"}],"curies":[{"name":"wp","href":"https:\/\/api.w.org\/{rel}","templated":true}]}}