{"id":70,"date":"2025-07-25T21:00:55","date_gmt":"2025-07-25T21:00:55","guid":{"rendered":"http:\/\/lokago.fr\/?page_id=70"},"modified":"2025-09-28T15:31:30","modified_gmt":"2025-09-28T15:31:30","slug":"bricolage","status":"publish","type":"page","link":"https:\/\/lokago.fr\/?page_id=70","title":{"rendered":"Bricolage"},"content":{"rendered":"\n<div class=\"wp-block-group alignfull has-global-padding is-layout-constrained wp-block-group-is-layout-constrained\" style=\"margin-top:0;margin-bottom:0;padding-top:var(--wp--preset--spacing--50);padding-bottom:var(--wp--preset--spacing--50)\">\n<div class=\"wp-block-columns alignwide is-layout-flex wp-container-core-columns-is-layout-905513f1 wp-block-columns-is-layout-flex\" style=\"padding-top:0;padding-right:0;padding-bottom:0;padding-left:0\">\n<div class=\"wp-block-column is-layout-flow wp-block-column-is-layout-flow\" style=\"flex-basis:56%\">\n<figure class=\"wp-block-image size-full is-resized\" style=\"margin-top:0;margin-right:var(--wp--preset--spacing--80);margin-bottom:0;margin-left:var(--wp--preset--spacing--80)\"><img loading=\"lazy\" decoding=\"async\" width=\"1024\" height=\"1024\" src=\"https:\/\/lokago.fr\/wp-content\/uploads\/2025\/09\/ChatGPT-Image-26-sept.-2025-22_00_31-edited.png\" alt=\"\" class=\"wp-image-238\" style=\"object-fit:cover;width:461px;height:auto\" srcset=\"https:\/\/lokago.fr\/wp-content\/uploads\/2025\/09\/ChatGPT-Image-26-sept.-2025-22_00_31-edited.png 1024w, https:\/\/lokago.fr\/wp-content\/uploads\/2025\/09\/ChatGPT-Image-26-sept.-2025-22_00_31-edited-300x300.png 300w, https:\/\/lokago.fr\/wp-content\/uploads\/2025\/09\/ChatGPT-Image-26-sept.-2025-22_00_31-edited-150x150.png 150w, https:\/\/lokago.fr\/wp-content\/uploads\/2025\/09\/ChatGPT-Image-26-sept.-2025-22_00_31-edited-768x768.png 768w\" sizes=\"auto, (max-width: 1024px) 100vw, 1024px\" \/><\/figure>\n<\/div>\n\n\n\n<div class=\"wp-block-column is-vertically-aligned-center is-layout-flow wp-container-core-column-is-layout-119bc444 wp-block-column-is-layout-flow\">\n<h2 class=\"wp-block-heading\">Pour vous accompagner dans vos projets<\/h2>\n\n\n\n<p>De la dalle au transport nous sommes pr\u00e9sents sur tous les fronts. <\/p>\n<\/div>\n<\/div>\n<\/div>\n\n\n\n<div class=\"wp-block-group alignfull has-global-padding is-layout-constrained wp-block-group-is-layout-constrained\" style=\"margin-top:0;margin-bottom:0;padding-top:var(--wp--preset--spacing--50);padding-bottom:var(--wp--preset--spacing--50)\">\n<h2 class=\"wp-block-heading alignwide has-xx-large-font-size\">Outillage<\/h2>\n\n\n\n<p><\/p>\n\n\n\n<div class=\"wp-block-group alignwide is-layout-grid wp-container-core-group-is-layout-21f393a4 wp-block-group-is-layout-grid\">\n<figure class=\"wp-block-image size-full\" style=\"margin-top:0;margin-bottom:0\"><img loading=\"lazy\" decoding=\"async\" width=\"1170\" height=\"1304\" src=\"http:\/\/lokago.fr\/wp-content\/uploads\/2025\/09\/WhatsApp-Image-2025-09-25-at-19.20.00.jpeg\" alt=\"\" class=\"wp-image-225\" style=\"object-fit:cover\" srcset=\"https:\/\/lokago.fr\/wp-content\/uploads\/2025\/09\/WhatsApp-Image-2025-09-25-at-19.20.00.jpeg 1170w, https:\/\/lokago.fr\/wp-content\/uploads\/2025\/09\/WhatsApp-Image-2025-09-25-at-19.20.00-269x300.jpeg 269w, https:\/\/lokago.fr\/wp-content\/uploads\/2025\/09\/WhatsApp-Image-2025-09-25-at-19.20.00-919x1024.jpeg 919w, https:\/\/lokago.fr\/wp-content\/uploads\/2025\/09\/WhatsApp-Image-2025-09-25-at-19.20.00-768x856.jpeg 768w\" sizes=\"auto, (max-width: 1170px) 100vw, 1170px\" \/><\/figure>\n\n\n\n<figure class=\"wp-block-image size-full wp-container-content-79286276\" style=\"margin-top:0;margin-right:0;margin-bottom:0;margin-left:0\"><img loading=\"lazy\" decoding=\"async\" width=\"1170\" height=\"1120\" src=\"http:\/\/lokago.fr\/wp-content\/uploads\/2025\/09\/WhatsApp-Image-2025-09-25-at-19.20.00-2.jpeg\" alt=\"\" class=\"wp-image-223\" style=\"object-fit:cover\" srcset=\"https:\/\/lokago.fr\/wp-content\/uploads\/2025\/09\/WhatsApp-Image-2025-09-25-at-19.20.00-2.jpeg 1170w, https:\/\/lokago.fr\/wp-content\/uploads\/2025\/09\/WhatsApp-Image-2025-09-25-at-19.20.00-2-300x287.jpeg 300w, https:\/\/lokago.fr\/wp-content\/uploads\/2025\/09\/WhatsApp-Image-2025-09-25-at-19.20.00-2-1024x980.jpeg 1024w, https:\/\/lokago.fr\/wp-content\/uploads\/2025\/09\/WhatsApp-Image-2025-09-25-at-19.20.00-2-768x735.jpeg 768w\" sizes=\"auto, (max-width: 1170px) 100vw, 1170px\" \/><\/figure>\n\n\n\n<figure class=\"wp-block-image size-full\" style=\"margin-top:0;margin-bottom:0\"><img loading=\"lazy\" decoding=\"async\" width=\"850\" height=\"1118\" src=\"http:\/\/lokago.fr\/wp-content\/uploads\/2025\/09\/WhatsApp-Image-2025-09-25-at-19.22.09.jpeg\" alt=\"\" class=\"wp-image-226\" style=\"object-fit:cover\" srcset=\"https:\/\/lokago.fr\/wp-content\/uploads\/2025\/09\/WhatsApp-Image-2025-09-25-at-19.22.09.jpeg 850w, https:\/\/lokago.fr\/wp-content\/uploads\/2025\/09\/WhatsApp-Image-2025-09-25-at-19.22.09-228x300.jpeg 228w, https:\/\/lokago.fr\/wp-content\/uploads\/2025\/09\/WhatsApp-Image-2025-09-25-at-19.22.09-779x1024.jpeg 779w, https:\/\/lokago.fr\/wp-content\/uploads\/2025\/09\/WhatsApp-Image-2025-09-25-at-19.22.09-768x1010.jpeg 768w\" sizes=\"auto, (max-width: 850px) 100vw, 850px\" \/><\/figure>\n\n\n\n<figure class=\"wp-block-image size-full wp-container-content-79286276\" style=\"margin-top:0;margin-bottom:0\"><img loading=\"lazy\" decoding=\"async\" width=\"324\" height=\"316\" src=\"https:\/\/lokago.fr\/wp-content\/uploads\/2025\/09\/Capture-decran-2025-09-17-213530.png\" alt=\"\" class=\"wp-image-309\" style=\"object-fit:cover\" srcset=\"https:\/\/lokago.fr\/wp-content\/uploads\/2025\/09\/Capture-decran-2025-09-17-213530.png 324w, https:\/\/lokago.fr\/wp-content\/uploads\/2025\/09\/Capture-decran-2025-09-17-213530-300x293.png 300w\" sizes=\"auto, (max-width: 324px) 100vw, 324px\" \/><\/figure>\n\n\n\n<p class=\"has-text-align-center has-x-large-font-size wp-container-content-79286276\">Meuleuse DEWALT 230mm       <\/p>\n\n\n\n<p class=\"has-x-large-font-size\">Marteau piqueur EINHELL <\/p>\n\n\n\n<p class=\"has-x-large-font-size\">L\u00e8ve plaque MONDELIN<\/p>\n\n\n\n<p class=\"has-x-large-font-size\">B\u00e9tonni\u00e8re 2 sacs<\/p>\n\n\n\n<ul class=\"wp-block-list\">\n<li>15\u20ac\/ jour<\/li>\n\n\n\n<li>25\u20ac\/ week end<\/li>\n\n\n\n<li>60\u20ac\/ semaine<\/li>\n<\/ul>\n\n\n\n<ul class=\"wp-block-list\">\n<li>25\u20ac\/ jour<\/li>\n\n\n\n<li>40\u20ac\/ week end<\/li>\n\n\n\n<li>100\u20ac\/  semaine<\/li>\n<\/ul>\n\n\n\n<ul class=\"wp-block-list\">\n<li>25\u20ac\/ jour<\/li>\n\n\n\n<li>40\u20ac\/ week end<\/li>\n\n\n\n<li>100\u20ac\/  semaine<\/li>\n<\/ul>\n\n\n\n<ul class=\"wp-block-list\">\n<li>50\u20ac\/ jour<\/li>\n\n\n\n<li>75\u20ac\/ week end<\/li>\n\n\n\n<li>140\u20ac\/ semaine<\/li>\n<\/ul>\n\n\n\n<div class=\"wp-block-buttons is-content-justification-center is-layout-flex wp-container-core-buttons-is-layout-a89b3969 wp-block-buttons-is-layout-flex\">\n<div class=\"wp-block-button\"><a class=\"wp-block-button__link has-text-align-center wp-element-button\" href=\"https:\/\/lokago.fr\/?page_id=230\">Plus d&rsquo;info sur la meuleuse<\/a><\/div>\n<\/div>\n\n\n\n<div class=\"wp-block-buttons is-content-justification-center is-layout-flex wp-container-core-buttons-is-layout-a89b3969 wp-block-buttons-is-layout-flex\">\n<div class=\"wp-block-button\"><a class=\"wp-block-button__link has-text-align-center wp-element-button\" href=\"https:\/\/lokago.fr\/?page_id=240\">Plus d&rsquo;info sur le marteau piqueur<\/a><\/div>\n<\/div>\n\n\n\n<div class=\"wp-block-buttons is-content-justification-center is-layout-flex wp-container-core-buttons-is-layout-a89b3969 wp-block-buttons-is-layout-flex\">\n<div class=\"wp-block-button\"><a class=\"wp-block-button__link has-text-align-center wp-element-button\" href=\"https:\/\/lokago.fr\/?page_id=244\">Plus d&rsquo;info sur le l\u00e8ve plaque<\/a><\/div>\n<\/div>\n\n\n\n<div class=\"wp-block-buttons is-content-justification-center is-layout-flex wp-container-core-buttons-is-layout-a89b3969 wp-block-buttons-is-layout-flex\">\n<div class=\"wp-block-button\"><a class=\"wp-block-button__link has-text-align-center wp-element-button\">Plus d&rsquo;info <\/a><\/div>\n<\/div>\n<\/div>\n<\/div>\n\n\n\n<div class=\"wp-block-group alignwide is-layout-grid wp-container-core-group-is-layout-21f393a4 wp-block-group-is-layout-grid\">\n<figure class=\"wp-block-image size-full\" style=\"margin-top:0;margin-bottom:0\"><img loading=\"lazy\" decoding=\"async\" width=\"445\" height=\"392\" src=\"https:\/\/lokago.fr\/wp-content\/uploads\/2025\/09\/compresseur.png\" alt=\"\" class=\"wp-image-310\" style=\"object-fit:cover\" srcset=\"https:\/\/lokago.fr\/wp-content\/uploads\/2025\/09\/compresseur.png 445w, https:\/\/lokago.fr\/wp-content\/uploads\/2025\/09\/compresseur-300x264.png 300w\" sizes=\"auto, (max-width: 445px) 100vw, 445px\" \/><\/figure>\n\n\n\n<figure class=\"wp-block-image size-full wp-container-content-79286276\" style=\"margin-top:0;margin-right:0;margin-bottom:0;margin-left:0\"><img loading=\"lazy\" decoding=\"async\" width=\"900\" height=\"672\" src=\"https:\/\/lokago.fr\/wp-content\/uploads\/2025\/09\/accessoire-compresseur.png\" alt=\"\" class=\"wp-image-312\" style=\"object-fit:cover\" srcset=\"https:\/\/lokago.fr\/wp-content\/uploads\/2025\/09\/accessoire-compresseur.png 900w, https:\/\/lokago.fr\/wp-content\/uploads\/2025\/09\/accessoire-compresseur-300x224.png 300w, https:\/\/lokago.fr\/wp-content\/uploads\/2025\/09\/accessoire-compresseur-768x573.png 768w\" sizes=\"auto, (max-width: 900px) 100vw, 900px\" \/><\/figure>\n\n\n\n<figure class=\"wp-block-image size-full\" style=\"margin-top:0;margin-bottom:0\"><img loading=\"lazy\" decoding=\"async\" width=\"684\" height=\"808\" src=\"https:\/\/lokago.fr\/wp-content\/uploads\/2025\/09\/diable-3.png\" alt=\"\" class=\"wp-image-313\" style=\"object-fit:cover\" srcset=\"https:\/\/lokago.fr\/wp-content\/uploads\/2025\/09\/diable-3.png 684w, https:\/\/lokago.fr\/wp-content\/uploads\/2025\/09\/diable-3-254x300.png 254w\" sizes=\"auto, (max-width: 684px) 100vw, 684px\" \/><\/figure>\n\n\n\n<figure class=\"wp-block-image size-full wp-container-content-79286276\" style=\"margin-top:0;margin-bottom:0\"><img loading=\"lazy\" decoding=\"async\" width=\"925\" height=\"824\" src=\"https:\/\/lokago.fr\/wp-content\/uploads\/2025\/09\/decapeur-thermique-1.png\" alt=\"\" class=\"wp-image-319\" style=\"object-fit:cover\" srcset=\"https:\/\/lokago.fr\/wp-content\/uploads\/2025\/09\/decapeur-thermique-1.png 925w, https:\/\/lokago.fr\/wp-content\/uploads\/2025\/09\/decapeur-thermique-1-300x267.png 300w, https:\/\/lokago.fr\/wp-content\/uploads\/2025\/09\/decapeur-thermique-1-768x684.png 768w\" sizes=\"auto, (max-width: 925px) 100vw, 925px\" \/><\/figure>\n\n\n\n<p class=\"has-text-align-center has-x-large-font-size wp-container-content-79286276\">Compresseur 50l<\/p>\n\n\n\n<p class=\"has-x-large-font-size wp-container-content-79286276\">Kit accessoires pour compresseur<\/p>\n\n\n\n<p class=\"has-x-large-font-size\">Diable<\/p>\n\n\n\n<p class=\"has-x-large-font-size wp-container-content-79286276\">D\u00e9capeur thermique<\/p>\n\n\n\n<ul class=\"wp-block-list\">\n<li>25\u20ac\/ jour<\/li>\n\n\n\n<li>40\u20ac\/ week end<\/li>\n\n\n\n<li>100\u20ac\/  semaine<\/li>\n<\/ul>\n\n\n\n<ul class=\"wp-block-list\">\n<li>10\u20ac\/ jour<\/li>\n\n\n\n<li>15\u20ac\/ week end<\/li>\n\n\n\n<li>25\u20ac\/ semaine<\/li>\n<\/ul>\n\n\n\n<ul class=\"wp-block-list\">\n<li>20\u20ac\/ jour<\/li>\n\n\n\n<li>30\u20ac\/ week end<\/li>\n\n\n\n<li>80\u20ac\/ semaine<\/li>\n<\/ul>\n\n\n\n<ul class=\"wp-block-list\">\n<li>15\u20ac\/ jour<\/li>\n\n\n\n<li>25\u20ac\/ week end<\/li>\n\n\n\n<li>60\u20ac\/ semaine<\/li>\n<\/ul>\n\n\n\n<div class=\"wp-block-buttons is-content-justification-center is-layout-flex wp-container-core-buttons-is-layout-a89b3969 wp-block-buttons-is-layout-flex\">\n<div class=\"wp-block-button\"><a class=\"wp-block-button__link has-text-align-center wp-element-button\" href=\"https:\/\/lokago.fr\/?page_id=323\">Plus d&rsquo;info sur le compresseur<\/a><\/div>\n<\/div>\n\n\n\n<div class=\"wp-block-buttons is-content-justification-center is-layout-flex wp-container-core-buttons-is-layout-a89b3969 wp-block-buttons-is-layout-flex\">\n<div class=\"wp-block-button\"><a class=\"wp-block-button__link has-text-align-center wp-element-button\" href=\"https:\/\/lokago.fr\/?page_id=330\">Plus d&rsquo;info <\/a><\/div>\n<\/div>\n\n\n\n<div class=\"wp-block-buttons is-layout-flex wp-block-buttons-is-layout-flex\">\n<div class=\"wp-block-button\"><a class=\"wp-block-button__link wp-element-button\" href=\"https:\/\/lokago.fr\/?page_id=280\">Plus d&rsquo;info sur le diable<\/a><\/div>\n<\/div>\n\n\n\n<div class=\"wp-block-buttons is-layout-flex wp-block-buttons-is-layout-flex\">\n<div class=\"wp-block-button\"><a class=\"wp-block-button__link wp-element-button\" href=\"https:\/\/lokago.fr\/?page_id=316\">Plus d&rsquo;info sur le d\u00e9capeur<\/a><\/div>\n<\/div>\n\n\n\n<p><\/p>\n<\/div>\n\n\n\n<div class=\"wp-block-media-text alignwide is-stacked-on-mobile\"><figure class=\"wp-block-media-text__media\"><img loading=\"lazy\" decoding=\"async\" width=\"750\" height=\"411\" src=\"http:\/\/lokago.fr\/wp-content\/uploads\/2025\/07\/remorque.jpg\" alt=\"\" class=\"wp-image-16 size-full\" srcset=\"https:\/\/lokago.fr\/wp-content\/uploads\/2025\/07\/remorque.jpg 750w, https:\/\/lokago.fr\/wp-content\/uploads\/2025\/07\/remorque-300x164.jpg 300w\" sizes=\"auto, (max-width: 750px) 100vw, 750px\" \/><\/figure><div class=\"wp-block-media-text__content\">\n<p class=\"has-x-large-font-size\">Remorque double essieux <\/p>\n\n\n\n<p>30\u20ac\/jour<\/p>\n\n\n\n<p>50\u20ac\/ week end<\/p>\n\n\n\n<p>120\u20ac\/ semaine<\/p>\n\n\n\n<div class=\"wp-block-buttons is-layout-flex wp-block-buttons-is-layout-flex\">\n<div class=\"wp-block-button\"><a class=\"wp-block-button__link wp-element-button\" href=\"https:\/\/lokago.fr\/?page_id=248\">En savoir plus sur la remorque<\/a><\/div>\n<\/div>\n<\/div><\/div>\n\n\n\n<p><\/p>\n","protected":false},"excerpt":{"rendered":"<p>Pour vous accompagner dans vos projets De la dalle au transport nous sommes pr\u00e9sents sur tous les fronts. Outillage Meuleuse DEWALT 230mm Marteau piqueur EINHELL L\u00e8ve plaque MONDELIN B\u00e9tonni\u00e8re 2 sacs Compresseur 50l Kit accessoires pour compresseur Diable D\u00e9capeur thermique<\/p>\n","protected":false},"author":1,"featured_media":0,"parent":0,"menu_order":0,"comment_status":"closed","ping_status":"closed","template":"","meta":{"footnotes":""},"class_list":["post-70","page","type-page","status-publish","hentry"],"_links":{"self":[{"href":"https:\/\/lokago.fr\/index.php?rest_route=\/wp\/v2\/pages\/70","targetHints":{"allow":["GET"]}}],"collection":[{"href":"https:\/\/lokago.fr\/index.php?rest_route=\/wp\/v2\/pages"}],"about":[{"href":"https:\/\/lokago.fr\/index.php?rest_route=\/wp\/v2\/types\/page"}],"author":[{"embeddable":true,"href":"https:\/\/lokago.fr\/index.php?rest_route=\/wp\/v2\/users\/1"}],"replies":[{"embeddable":true,"href":"https:\/\/lokago.fr\/index.php?rest_route=%2Fwp%2Fv2%2Fcomments&post=70"}],"version-history":[{"count":21,"href":"https:\/\/lokago.fr\/index.php?rest_route=\/wp\/v2\/pages\/70\/revisions"}],"predecessor-version":[{"id":334,"href":"https:\/\/lokago.fr\/index.php?rest_route=\/wp\/v2\/pages\/70\/revisions\/334"}],"wp:attachment":[{"href":"https:\/\/lokago.fr\/index.php?rest_route=%2Fwp%2Fv2%2Fmedia&parent=70"}],"curies":[{"name":"wp","href":"https:\/\/api.w.org\/{rel}","templated":true}]}}