{"id":323,"date":"2025-09-28T15:23:27","date_gmt":"2025-09-28T15:23:27","guid":{"rendered":"https:\/\/lokago.fr\/?page_id=323"},"modified":"2025-09-28T15:23:58","modified_gmt":"2025-09-28T15:23:58","slug":"compresseur-50l","status":"publish","type":"page","link":"https:\/\/lokago.fr\/?page_id=323","title":{"rendered":"Compresseur 50L"},"content":{"rendered":"\n<div class=\"wp-block-media-text alignwide is-stacked-on-mobile\"><figure class=\"wp-block-media-text__media\"><img loading=\"lazy\" decoding=\"async\" width=\"445\" height=\"392\" src=\"https:\/\/lokago.fr\/wp-content\/uploads\/2025\/09\/compresseur-1.png\" alt=\"\" class=\"wp-image-324 size-full\" srcset=\"https:\/\/lokago.fr\/wp-content\/uploads\/2025\/09\/compresseur-1.png 445w, https:\/\/lokago.fr\/wp-content\/uploads\/2025\/09\/compresseur-1-300x264.png 300w\" sizes=\"auto, (max-width: 445px) 100vw, 445px\" \/><\/figure><div class=\"wp-block-media-text__content\">\n<p>Le compresseur FACOM S\u00e9rie Silver 50L offre puissance, silence et autonomie pour les utilisateurs exigeants. <\/p>\n\n\n\n<p>Sa t\u00eate bicylindre performante garantit un d\u00e9bit d&rsquo;air \u00e9lev\u00e9 pour alimenter efficacement vos outils. Id\u00e9al pour une utilisation mobile, il est \u00e9quip\u00e9 d\u2019un brancard complet et d\u2019un d\u00e9vidoir int\u00e9gr\u00e9 pour tuyau jusqu\u2019\u00e0 10 m\u00e8tres. Son syst\u00e8me sans huile \u00e9vite tout entretien et \u00e9limine les risques de fuite pendant le transport.<\/p>\n<\/div><\/div>\n","protected":false},"excerpt":{"rendered":"<p>Le compresseur FACOM S\u00e9rie Silver 50L offre puissance, silence et autonomie pour les utilisateurs exigeants. Sa t\u00eate bicylindre performante garantit un d\u00e9bit d&rsquo;air \u00e9lev\u00e9 pour alimenter efficacement vos outils. Id\u00e9al pour une utilisation mobile, il est \u00e9quip\u00e9 d\u2019un brancard complet et d\u2019un d\u00e9vidoir int\u00e9gr\u00e9 pour tuyau jusqu\u2019\u00e0 10 m\u00e8tres. Son syst\u00e8me sans huile \u00e9vite tout [&hellip;]<\/p>\n","protected":false},"author":1,"featured_media":0,"parent":70,"menu_order":0,"comment_status":"closed","ping_status":"closed","template":"","meta":{"footnotes":""},"class_list":["post-323","page","type-page","status-publish","hentry"],"_links":{"self":[{"href":"https:\/\/lokago.fr\/index.php?rest_route=\/wp\/v2\/pages\/323","targetHints":{"allow":["GET"]}}],"collection":[{"href":"https:\/\/lokago.fr\/index.php?rest_route=\/wp\/v2\/pages"}],"about":[{"href":"https:\/\/lokago.fr\/index.php?rest_route=\/wp\/v2\/types\/page"}],"author":[{"embeddable":true,"href":"https:\/\/lokago.fr\/index.php?rest_route=\/wp\/v2\/users\/1"}],"replies":[{"embeddable":true,"href":"https:\/\/lokago.fr\/index.php?rest_route=%2Fwp%2Fv2%2Fcomments&post=323"}],"version-history":[{"count":1,"href":"https:\/\/lokago.fr\/index.php?rest_route=\/wp\/v2\/pages\/323\/revisions"}],"predecessor-version":[{"id":325,"href":"https:\/\/lokago.fr\/index.php?rest_route=\/wp\/v2\/pages\/323\/revisions\/325"}],"up":[{"embeddable":true,"href":"https:\/\/lokago.fr\/index.php?rest_route=\/wp\/v2\/pages\/70"}],"wp:attachment":[{"href":"https:\/\/lokago.fr\/index.php?rest_route=%2Fwp%2Fv2%2Fmedia&parent=323"}],"curies":[{"name":"wp","href":"https:\/\/api.w.org\/{rel}","templated":true}]}}