{"id":316,"date":"2025-09-28T15:07:39","date_gmt":"2025-09-28T15:07:39","guid":{"rendered":"https:\/\/lokago.fr\/?page_id=316"},"modified":"2025-09-28T15:24:04","modified_gmt":"2025-09-28T15:24:04","slug":"decapeur-thermique-2","status":"publish","type":"page","link":"https:\/\/lokago.fr\/?page_id=316","title":{"rendered":"D\u00e9capeur thermique"},"content":{"rendered":"\n<p>D\u00e9capeur thermique filaire 220V Wagner Furno 500 2000W<\/p>\n\n\n\n<div class=\"wp-block-media-text alignwide is-stacked-on-mobile\"><figure class=\"wp-block-media-text__media\"><img loading=\"lazy\" decoding=\"async\" width=\"676\" height=\"682\" src=\"https:\/\/lokago.fr\/wp-content\/uploads\/2025\/09\/decapeur-thermique-2.png\" alt=\"\" class=\"wp-image-317 size-full\" srcset=\"https:\/\/lokago.fr\/wp-content\/uploads\/2025\/09\/decapeur-thermique-2.png 676w, https:\/\/lokago.fr\/wp-content\/uploads\/2025\/09\/decapeur-thermique-2-297x300.png 297w, https:\/\/lokago.fr\/wp-content\/uploads\/2025\/09\/decapeur-thermique-2-150x150.png 150w\" sizes=\"auto, (max-width: 676px) 100vw, 676px\" \/><\/figure><div class=\"wp-block-media-text__content\">\n<p>L&rsquo;affichage LED graphique affiche 12\u00a0r\u00e9glages de temp\u00e9rature de 60\u00b0C \u00e0 600\u00b0C pour une large gamme d&rsquo;applications. La fonction de m\u00e9morisation permet d&rsquo;enregistrer et de r\u00e9utiliser les r\u00e9glages pr\u00e9c\u00e9dents. L&rsquo;\u00e9l\u00e9ment chauffant est dot\u00e9 de 2\u00a0r\u00e9glages de la vitesse du ventilateur et d&rsquo;un mode de refroidissement pour une dur\u00e9e de vie prolong\u00e9e. Avec capteur de protection thermique pour r\u00e9guler la chaleur et garantir une s\u00e9curit\u00e9 accrue pendant l&rsquo;utilisation. La buse r\u00e9sistante \u00e0 la chaleur avec entretoises lat\u00e9rales emp\u00eache le contact entre les surfaces et peut \u00eatre retir\u00e9e pour travailler dans les zones difficiles d&rsquo;acc\u00e8s. Inclut une buse d\u00e9flectrice pour une utilisation sur les surfaces d\u00e9licates telles que le verre, et une buse de concentration id\u00e9ale pour retirer la peinture. Stabilisateurs arri\u00e8re pour une utilisation mains libres. Crochet de fixation pour un rangement facile.<\/p>\n\n\n\n<p>2\u00a0r\u00e9glages de d\u00e9bit d&rsquo;air<\/p>\n\n\n\n<p>2\u00a0000W<\/p>\n\n\n\n<p>Allures de chauffe variables<\/p>\n<\/div><\/div>\n","protected":false},"excerpt":{"rendered":"<p>D\u00e9capeur thermique filaire 220V Wagner Furno 500 2000W L&rsquo;affichage LED graphique affiche 12\u00a0r\u00e9glages de temp\u00e9rature de 60\u00b0C \u00e0 600\u00b0C pour une large gamme d&rsquo;applications. La fonction de m\u00e9morisation permet d&rsquo;enregistrer et de r\u00e9utiliser les r\u00e9glages pr\u00e9c\u00e9dents. L&rsquo;\u00e9l\u00e9ment chauffant est dot\u00e9 de 2\u00a0r\u00e9glages de la vitesse du ventilateur et d&rsquo;un mode de refroidissement pour une dur\u00e9e [&hellip;]<\/p>\n","protected":false},"author":1,"featured_media":0,"parent":70,"menu_order":0,"comment_status":"closed","ping_status":"closed","template":"","meta":{"footnotes":""},"class_list":["post-316","page","type-page","status-publish","hentry"],"_links":{"self":[{"href":"https:\/\/lokago.fr\/index.php?rest_route=\/wp\/v2\/pages\/316","targetHints":{"allow":["GET"]}}],"collection":[{"href":"https:\/\/lokago.fr\/index.php?rest_route=\/wp\/v2\/pages"}],"about":[{"href":"https:\/\/lokago.fr\/index.php?rest_route=\/wp\/v2\/types\/page"}],"author":[{"embeddable":true,"href":"https:\/\/lokago.fr\/index.php?rest_route=\/wp\/v2\/users\/1"}],"replies":[{"embeddable":true,"href":"https:\/\/lokago.fr\/index.php?rest_route=%2Fwp%2Fv2%2Fcomments&post=316"}],"version-history":[{"count":1,"href":"https:\/\/lokago.fr\/index.php?rest_route=\/wp\/v2\/pages\/316\/revisions"}],"predecessor-version":[{"id":318,"href":"https:\/\/lokago.fr\/index.php?rest_route=\/wp\/v2\/pages\/316\/revisions\/318"}],"up":[{"embeddable":true,"href":"https:\/\/lokago.fr\/index.php?rest_route=\/wp\/v2\/pages\/70"}],"wp:attachment":[{"href":"https:\/\/lokago.fr\/index.php?rest_route=%2Fwp%2Fv2%2Fmedia&parent=316"}],"curies":[{"name":"wp","href":"https:\/\/api.w.org\/{rel}","templated":true}]}}