{"id":300,"date":"2025-09-28T14:48:18","date_gmt":"2025-09-28T14:48:18","guid":{"rendered":"https:\/\/lokago.fr\/?page_id=300"},"modified":"2025-09-28T15:27:08","modified_gmt":"2025-09-28T15:27:08","slug":"tonnelle-pliante-3-x-6m","status":"publish","type":"page","link":"https:\/\/lokago.fr\/?page_id=300","title":{"rendered":"Tonnelle Pliante 3 x 6m"},"content":{"rendered":"\n<div class=\"wp-block-media-text alignwide is-stacked-on-mobile\"><figure class=\"wp-block-media-text__media\"><img loading=\"lazy\" decoding=\"async\" width=\"1024\" height=\"768\" src=\"https:\/\/lokago.fr\/wp-content\/uploads\/2025\/09\/Tinnelle-1024x768.jpg\" alt=\"\" class=\"wp-image-301 size-full\" srcset=\"https:\/\/lokago.fr\/wp-content\/uploads\/2025\/09\/Tinnelle-1024x768.jpg 1024w, https:\/\/lokago.fr\/wp-content\/uploads\/2025\/09\/Tinnelle-300x225.jpg 300w, https:\/\/lokago.fr\/wp-content\/uploads\/2025\/09\/Tinnelle-768x576.jpg 768w, https:\/\/lokago.fr\/wp-content\/uploads\/2025\/09\/Tinnelle-1536x1152.jpg 1536w, https:\/\/lokago.fr\/wp-content\/uploads\/2025\/09\/Tinnelle.jpg 1600w\" sizes=\"auto, (max-width: 1024px) 100vw, 1024px\" \/><\/figure><div class=\"wp-block-media-text__content\">\n<p>Gr\u00e2ce \u00e0 son design pliant innovant, le montage est un jeu d&rsquo;enfant : ouvrez le cadre, fixez le toit et s\u00e9curisez-le avec les attaches fournies. Inclus, un sac de transport pour un rangement et un d\u00e9placement sans effort. Pour un montage efficace, nous recommandons la collaboration de deux personnes ou plus.<\/p>\n\n\n\n<p>Notre tente de r\u00e9ception est con\u00e7ue avec un cadre en m\u00e9tal robuste, rev\u00eatu de poudre pour une protection optimale contre la rouille. <\/p>\n\n\n\n<p>Fabriqu\u00e9e en tissu oxford haute densit\u00e9, notre tonnelle pliante 3&#215;6 offre une excellente r\u00e9sistance \u00e0 l&rsquo;eau et \u00e0 l&rsquo;usure. La surface est dot\u00e9e d&rsquo;un rev\u00eatement argent\u00e9, garantissant une protection efficace contre les rayons UV. Profitez de moments agr\u00e9ables \u00e0 l&rsquo;ombre rafra\u00eechissante de votre abri.<\/p>\n\n\n\n<p>Avec 2 parois zipp\u00e9es et 4 parois \u00e9quip\u00e9es de fen\u00eatres, notre tonnelle de jardin 3&#215;6 vous permet de b\u00e9n\u00e9ficier d&rsquo;un acc\u00e8s facile tout en pr\u00e9servant votre intimit\u00e9. Vous pouvez \u00e9galement retirer les parois pour profiter d&rsquo;une belle vue et d&rsquo;une circulation de l&rsquo;air am\u00e9lior\u00e9e.<\/p>\n\n\n\n<p>\u3010MULTIPLES USAGES\u3011 Ce barnum pliant 3&#215;6 cr\u00e9e un grand espace pouvant accueillir entre 15 et 20 personnes. Sa hauteur est ajustable \u00e0 3 niveaux (250\/254\/258cm), ce qui en fait le choix id\u00e9al pour les f\u00eates, \u00e9v\u00e9nements commerciaux et c\u00e9r\u00e9monies de mariage.<\/p>\n<\/div><\/div>\n\n\n\n<div class=\"wp-block-media-text alignwide has-media-on-the-right is-stacked-on-mobile\"><div class=\"wp-block-media-text__content\">\n<p>Montage simple et rapide : <\/p>\n\n\n\n<ul class=\"wp-block-list\">\n<li>Poser la structure au sol <\/li>\n\n\n\n<li>Positionner la bache de toit sur la structure <\/li>\n\n\n\n<li>Tendre la toiture <\/li>\n\n\n\n<li>Monter les pieds \u00e0 la hauteur souhait\u00e9e <\/li>\n\n\n\n<li>Ajouter les parois du contour. <\/li>\n<\/ul>\n<\/div><figure class=\"wp-block-media-text__media\"><img loading=\"lazy\" decoding=\"async\" width=\"800\" height=\"753\" src=\"https:\/\/lokago.fr\/wp-content\/uploads\/2025\/09\/Montage-tonnelle.png\" alt=\"\" class=\"wp-image-302 size-full\" srcset=\"https:\/\/lokago.fr\/wp-content\/uploads\/2025\/09\/Montage-tonnelle.png 800w, https:\/\/lokago.fr\/wp-content\/uploads\/2025\/09\/Montage-tonnelle-300x282.png 300w, https:\/\/lokago.fr\/wp-content\/uploads\/2025\/09\/Montage-tonnelle-768x723.png 768w\" sizes=\"auto, (max-width: 800px) 100vw, 800px\" \/><\/figure><\/div>\n","protected":false},"excerpt":{"rendered":"<p>Gr\u00e2ce \u00e0 son design pliant innovant, le montage est un jeu d&rsquo;enfant : ouvrez le cadre, fixez le toit et s\u00e9curisez-le avec les attaches fournies. Inclus, un sac de transport pour un rangement et un d\u00e9placement sans effort. Pour un montage efficace, nous recommandons la collaboration de deux personnes ou plus. Notre tente de r\u00e9ception [&hellip;]<\/p>\n","protected":false},"author":1,"featured_media":0,"parent":169,"menu_order":0,"comment_status":"closed","ping_status":"closed","template":"","meta":{"footnotes":""},"class_list":["post-300","page","type-page","status-publish","hentry"],"_links":{"self":[{"href":"https:\/\/lokago.fr\/index.php?rest_route=\/wp\/v2\/pages\/300","targetHints":{"allow":["GET"]}}],"collection":[{"href":"https:\/\/lokago.fr\/index.php?rest_route=\/wp\/v2\/pages"}],"about":[{"href":"https:\/\/lokago.fr\/index.php?rest_route=\/wp\/v2\/types\/page"}],"author":[{"embeddable":true,"href":"https:\/\/lokago.fr\/index.php?rest_route=\/wp\/v2\/users\/1"}],"replies":[{"embeddable":true,"href":"https:\/\/lokago.fr\/index.php?rest_route=%2Fwp%2Fv2%2Fcomments&post=300"}],"version-history":[{"count":1,"href":"https:\/\/lokago.fr\/index.php?rest_route=\/wp\/v2\/pages\/300\/revisions"}],"predecessor-version":[{"id":303,"href":"https:\/\/lokago.fr\/index.php?rest_route=\/wp\/v2\/pages\/300\/revisions\/303"}],"up":[{"embeddable":true,"href":"https:\/\/lokago.fr\/index.php?rest_route=\/wp\/v2\/pages\/169"}],"wp:attachment":[{"href":"https:\/\/lokago.fr\/index.php?rest_route=%2Fwp%2Fv2%2Fmedia&parent=300"}],"curies":[{"name":"wp","href":"https:\/\/api.w.org\/{rel}","templated":true}]}}