{"id":289,"date":"2025-09-28T14:31:18","date_gmt":"2025-09-28T14:31:18","guid":{"rendered":"https:\/\/lokago.fr\/?page_id=289"},"modified":"2025-09-28T14:32:02","modified_gmt":"2025-09-28T14:32:02","slug":"kit-de-nettoyage-de-gouttieres-et-canalisations-karcher","status":"publish","type":"page","link":"https:\/\/lokago.fr\/?page_id=289","title":{"rendered":"Kit de nettoyage de goutti\u00e8res et canalisations Karcher"},"content":{"rendered":"\n<div class=\"wp-block-media-text alignwide is-stacked-on-mobile\"><figure class=\"wp-block-media-text__media\"><img loading=\"lazy\" decoding=\"async\" width=\"1024\" height=\"694\" src=\"https:\/\/lokago.fr\/wp-content\/uploads\/2025\/09\/nettoyage-goutiere-1-1024x694.png\" alt=\"\" class=\"wp-image-290 size-full\" srcset=\"https:\/\/lokago.fr\/wp-content\/uploads\/2025\/09\/nettoyage-goutiere-1-1024x694.png 1024w, https:\/\/lokago.fr\/wp-content\/uploads\/2025\/09\/nettoyage-goutiere-1-300x203.png 300w, https:\/\/lokago.fr\/wp-content\/uploads\/2025\/09\/nettoyage-goutiere-1-768x520.png 768w, https:\/\/lokago.fr\/wp-content\/uploads\/2025\/09\/nettoyage-goutiere-1.png 1038w\" sizes=\"auto, (max-width: 1024px) 100vw, 1024px\" \/><\/figure><div class=\"wp-block-media-text__content\">\n<p>Tuyau haute pression de 20m et jet en laiton extra-court, pour une flexibilit\u00e9 optimale du tuyau et un nettoyage facile sans l&rsquo;aide d&rsquo;une \u00e9chelle. Con\u00e7u pour d\u00e9gager les tuyaux et canalisation obstru\u00e9s. Le nettoyeur de goutti\u00e8res se d\u00e9place ind\u00e9pendamment dans les goutti\u00e8res pour enlever les feuilles, les aiguilles de sapin et la salet\u00e9. Conception robuste avec buses interchangeables et amortisseur int\u00e9gr\u00e9.<\/p>\n\n\n\n<p>Tuyau haute pression 20 m<\/p>\n<\/div><\/div>\n","protected":false},"excerpt":{"rendered":"<p>Tuyau haute pression de 20m et jet en laiton extra-court, pour une flexibilit\u00e9 optimale du tuyau et un nettoyage facile sans l&rsquo;aide d&rsquo;une \u00e9chelle. Con\u00e7u pour d\u00e9gager les tuyaux et canalisation obstru\u00e9s. Le nettoyeur de goutti\u00e8res se d\u00e9place ind\u00e9pendamment dans les goutti\u00e8res pour enlever les feuilles, les aiguilles de sapin et la salet\u00e9. Conception robuste [&hellip;]<\/p>\n","protected":false},"author":1,"featured_media":0,"parent":233,"menu_order":0,"comment_status":"closed","ping_status":"closed","template":"","meta":{"footnotes":""},"class_list":["post-289","page","type-page","status-publish","hentry"],"_links":{"self":[{"href":"https:\/\/lokago.fr\/index.php?rest_route=\/wp\/v2\/pages\/289","targetHints":{"allow":["GET"]}}],"collection":[{"href":"https:\/\/lokago.fr\/index.php?rest_route=\/wp\/v2\/pages"}],"about":[{"href":"https:\/\/lokago.fr\/index.php?rest_route=\/wp\/v2\/types\/page"}],"author":[{"embeddable":true,"href":"https:\/\/lokago.fr\/index.php?rest_route=\/wp\/v2\/users\/1"}],"replies":[{"embeddable":true,"href":"https:\/\/lokago.fr\/index.php?rest_route=%2Fwp%2Fv2%2Fcomments&post=289"}],"version-history":[{"count":1,"href":"https:\/\/lokago.fr\/index.php?rest_route=\/wp\/v2\/pages\/289\/revisions"}],"predecessor-version":[{"id":291,"href":"https:\/\/lokago.fr\/index.php?rest_route=\/wp\/v2\/pages\/289\/revisions\/291"}],"up":[{"embeddable":true,"href":"https:\/\/lokago.fr\/index.php?rest_route=\/wp\/v2\/pages\/233"}],"wp:attachment":[{"href":"https:\/\/lokago.fr\/index.php?rest_route=%2Fwp%2Fv2%2Fmedia&parent=289"}],"curies":[{"name":"wp","href":"https:\/\/api.w.org\/{rel}","templated":true}]}}