{"id":271,"date":"2025-09-28T13:44:13","date_gmt":"2025-09-28T13:44:13","guid":{"rendered":"https:\/\/lokago.fr\/?page_id=271"},"modified":"2025-09-28T13:52:23","modified_gmt":"2025-09-28T13:52:23","slug":"debrousailleuse-2","status":"publish","type":"page","link":"https:\/\/lokago.fr\/?page_id=271","title":{"rendered":"D\u00e9brousailleuse"},"content":{"rendered":"\n<div class=\"wp-block-media-text alignwide is-stacked-on-mobile\"><figure class=\"wp-block-media-text__media\"><img loading=\"lazy\" decoding=\"async\" width=\"588\" height=\"583\" src=\"https:\/\/lokago.fr\/wp-content\/uploads\/2025\/09\/Debrousailleuse-1.png\" alt=\"\" class=\"wp-image-273 size-full\" srcset=\"https:\/\/lokago.fr\/wp-content\/uploads\/2025\/09\/Debrousailleuse-1.png 588w, https:\/\/lokago.fr\/wp-content\/uploads\/2025\/09\/Debrousailleuse-1-300x297.png 300w, https:\/\/lokago.fr\/wp-content\/uploads\/2025\/09\/Debrousailleuse-1-150x150.png 150w\" sizes=\"auto, (max-width: 588px) 100vw, 588px\" \/><\/figure><div class=\"wp-block-media-text__content\">\n<p>Optimisez l&rsquo;entretien de vos espaces verts avec la d\u00e9broussailleuse sur roues thermique 52 cm\u00b3 VITO. Con\u00e7ue pour d\u00e9fricher efficacement les grandes surfaces, elle vous offre une stabilit\u00e9 et un confort in\u00e9gal\u00e9s gr\u00e2ce \u00e0 ses roues int\u00e9gr\u00e9es. Finies les contraintes du poids, place \u00e0 une maniabilit\u00e9 optimale !<\/p>\n\n\n\n<p>Facilit\u00e9 d&rsquo;utilisation : Son design ergonomique permet de se tenir droit et de la guider sans effort, r\u00e9duisant ainsi la fatigue et les douleurs dorsales.<\/p>\n\n\n\n<p>Moteur puissant : Dot\u00e9e d\u2019un moteur thermique essence 2 temps de 52 cm\u00b3 (2.15 CV), elle assure une coupe rapide et efficace sur tous types de terrains.<\/p>\n\n\n\n<p>Maniabilit\u00e9 optimale : Ses poign\u00e9es ergonomiques offrent une excellente prise en main pour une pr\u00e9cision maximale.<\/p>\n\n\n\n<p>Adapt\u00e9e aux grandes surfaces : Id\u00e9ale pour les jardins, parcs et grandes propri\u00e9t\u00e9s.<\/p>\n\n\n\n<p>Caract\u00e9ristiques :<\/p>\n\n\n\n<p>&#8211; Moteur : Thermique essence 2T &#8211; 52 cm\u00b3 &#8211; 2.15 CV<br>&#8211; Carburant : Essence m\u00e9lange 1:40<br>&#8211; Largeur de coupe : 25.5 cm<br>&#8211; Vitesse de rotation : 8500 tours\/min<br>&#8211; Capacit\u00e9 du r\u00e9servoir : 1L (autonomie : 1h30)<br>&#8211; Niveau sonore : 114 dB(A)<br>&#8211; Poids : 15 kg<\/p>\n<\/div><\/div>\n","protected":false},"excerpt":{"rendered":"<p>Optimisez l&rsquo;entretien de vos espaces verts avec la d\u00e9broussailleuse sur roues thermique 52 cm\u00b3 VITO. Con\u00e7ue pour d\u00e9fricher efficacement les grandes surfaces, elle vous offre une stabilit\u00e9 et un confort in\u00e9gal\u00e9s gr\u00e2ce \u00e0 ses roues int\u00e9gr\u00e9es. Finies les contraintes du poids, place \u00e0 une maniabilit\u00e9 optimale ! Facilit\u00e9 d&rsquo;utilisation : Son design ergonomique permet de [&hellip;]<\/p>\n","protected":false},"author":1,"featured_media":0,"parent":254,"menu_order":0,"comment_status":"closed","ping_status":"closed","template":"","meta":{"footnotes":""},"class_list":["post-271","page","type-page","status-publish","hentry"],"_links":{"self":[{"href":"https:\/\/lokago.fr\/index.php?rest_route=\/wp\/v2\/pages\/271","targetHints":{"allow":["GET"]}}],"collection":[{"href":"https:\/\/lokago.fr\/index.php?rest_route=\/wp\/v2\/pages"}],"about":[{"href":"https:\/\/lokago.fr\/index.php?rest_route=\/wp\/v2\/types\/page"}],"author":[{"embeddable":true,"href":"https:\/\/lokago.fr\/index.php?rest_route=\/wp\/v2\/users\/1"}],"replies":[{"embeddable":true,"href":"https:\/\/lokago.fr\/index.php?rest_route=%2Fwp%2Fv2%2Fcomments&post=271"}],"version-history":[{"count":2,"href":"https:\/\/lokago.fr\/index.php?rest_route=\/wp\/v2\/pages\/271\/revisions"}],"predecessor-version":[{"id":275,"href":"https:\/\/lokago.fr\/index.php?rest_route=\/wp\/v2\/pages\/271\/revisions\/275"}],"up":[{"embeddable":true,"href":"https:\/\/lokago.fr\/index.php?rest_route=\/wp\/v2\/pages\/254"}],"wp:attachment":[{"href":"https:\/\/lokago.fr\/index.php?rest_route=%2Fwp%2Fv2%2Fmedia&parent=271"}],"curies":[{"name":"wp","href":"https:\/\/api.w.org\/{rel}","templated":true}]}}