{"id":268,"date":"2025-09-28T13:40:10","date_gmt":"2025-09-28T13:40:10","guid":{"rendered":"https:\/\/lokago.fr\/?page_id=268"},"modified":"2025-09-28T13:42:41","modified_gmt":"2025-09-28T13:42:41","slug":"taille-haie-electrique-2","status":"publish","type":"page","link":"https:\/\/lokago.fr\/?page_id=268","title":{"rendered":"Taille haie \u00e9lectrique"},"content":{"rendered":"\n<div class=\"wp-block-media-text alignwide is-stacked-on-mobile\" style=\"grid-template-columns:36% auto\"><figure class=\"wp-block-media-text__media\"><img loading=\"lazy\" decoding=\"async\" width=\"1024\" height=\"968\" src=\"http:\/\/lokago.fr\/wp-content\/uploads\/2025\/09\/WhatsApp-Image-2025-09-25-at-19.20.00-1-1024x968.jpeg\" alt=\"\" class=\"wp-image-255 size-full\" srcset=\"https:\/\/lokago.fr\/wp-content\/uploads\/2025\/09\/WhatsApp-Image-2025-09-25-at-19.20.00-1-1024x968.jpeg 1024w, https:\/\/lokago.fr\/wp-content\/uploads\/2025\/09\/WhatsApp-Image-2025-09-25-at-19.20.00-1-300x284.jpeg 300w, https:\/\/lokago.fr\/wp-content\/uploads\/2025\/09\/WhatsApp-Image-2025-09-25-at-19.20.00-1-768x726.jpeg 768w, https:\/\/lokago.fr\/wp-content\/uploads\/2025\/09\/WhatsApp-Image-2025-09-25-at-19.20.00-1.jpeg 1170w\" sizes=\"auto, (max-width: 1024px) 100vw, 1024px\" \/><\/figure><div class=\"wp-block-media-text__content\">\n<p> Taille-haie 18V XR &#8211; Pr\u00e9cision et Puissance : Lames de Scie Double Action : Profitez de l&rsquo;efficacit\u00e9 des lames tremp\u00e9es et d\u00e9coup\u00e9es au laser, assurant des coupes nettes et pr\u00e9cises pour un jardin impeccable. Conception Ergonomique : Avec sa poign\u00e9e ergonomique et son design compact, ce taille-haie offre un \u00e9quilibre optimal et un confort d&rsquo;utilisation exceptionnel, m\u00eame lors de longues sessions de travail. <\/p>\n\n\n\n<p><\/p>\n\n\n\n<p>Lors de la location batterie et chargeur de batterie mis \u00e0 disposition. <\/p>\n<\/div><\/div>\n","protected":false},"excerpt":{"rendered":"<p>Taille-haie 18V XR &#8211; Pr\u00e9cision et Puissance : Lames de Scie Double Action : Profitez de l&rsquo;efficacit\u00e9 des lames tremp\u00e9es et d\u00e9coup\u00e9es au laser, assurant des coupes nettes et pr\u00e9cises pour un jardin impeccable. Conception Ergonomique : Avec sa poign\u00e9e ergonomique et son design compact, ce taille-haie offre un \u00e9quilibre optimal et un confort d&rsquo;utilisation [&hellip;]<\/p>\n","protected":false},"author":1,"featured_media":0,"parent":254,"menu_order":0,"comment_status":"closed","ping_status":"closed","template":"","meta":{"footnotes":""},"class_list":["post-268","page","type-page","status-publish","hentry"],"_links":{"self":[{"href":"https:\/\/lokago.fr\/index.php?rest_route=\/wp\/v2\/pages\/268","targetHints":{"allow":["GET"]}}],"collection":[{"href":"https:\/\/lokago.fr\/index.php?rest_route=\/wp\/v2\/pages"}],"about":[{"href":"https:\/\/lokago.fr\/index.php?rest_route=\/wp\/v2\/types\/page"}],"author":[{"embeddable":true,"href":"https:\/\/lokago.fr\/index.php?rest_route=\/wp\/v2\/users\/1"}],"replies":[{"embeddable":true,"href":"https:\/\/lokago.fr\/index.php?rest_route=%2Fwp%2Fv2%2Fcomments&post=268"}],"version-history":[{"count":1,"href":"https:\/\/lokago.fr\/index.php?rest_route=\/wp\/v2\/pages\/268\/revisions"}],"predecessor-version":[{"id":269,"href":"https:\/\/lokago.fr\/index.php?rest_route=\/wp\/v2\/pages\/268\/revisions\/269"}],"up":[{"embeddable":true,"href":"https:\/\/lokago.fr\/index.php?rest_route=\/wp\/v2\/pages\/254"}],"wp:attachment":[{"href":"https:\/\/lokago.fr\/index.php?rest_route=%2Fwp%2Fv2%2Fmedia&parent=268"}],"curies":[{"name":"wp","href":"https:\/\/api.w.org\/{rel}","templated":true}]}}