{"id":263,"date":"2025-09-28T13:33:54","date_gmt":"2025-09-28T13:33:54","guid":{"rendered":"https:\/\/lokago.fr\/?page_id=263"},"modified":"2025-09-28T13:40:43","modified_gmt":"2025-09-28T13:40:43","slug":"taille-haie-electrique","status":"publish","type":"page","link":"https:\/\/lokago.fr\/?page_id=263","title":{"rendered":"S\u00e9cateur \u00e9lectrique"},"content":{"rendered":"\n<div class=\"wp-block-media-text alignwide is-stacked-on-mobile\"><figure class=\"wp-block-media-text__media\"><img loading=\"lazy\" decoding=\"async\" width=\"450\" height=\"356\" src=\"https:\/\/lokago.fr\/wp-content\/uploads\/2025\/09\/secateur-electrique.png\" alt=\"\" class=\"wp-image-264 size-full\" srcset=\"https:\/\/lokago.fr\/wp-content\/uploads\/2025\/09\/secateur-electrique.png 450w, https:\/\/lokago.fr\/wp-content\/uploads\/2025\/09\/secateur-electrique-300x237.png 300w\" sizes=\"auto, (max-width: 450px) 100vw, 450px\" \/><\/figure><div class=\"wp-block-media-text__content\">\n<p>Capacit\u00e9 de coupe (jusqu&rsquo;\u00e0 38 mm) &#8211; <\/p>\n\n\n\n<p>S\u00e9cateur XR 18V &#8211; Capacit\u00e9 de coupe jusqu&rsquo;\u00e0 38 mm et 1000 coupes par charge avec 1 batterie XR 18V 5 Ah &#8211; <\/p>\n\n\n\n<p>Bonne pr\u00e9hension gr\u00e2ce au rev\u00eatement caoutchouc de la poign\u00e9e &#8211; D\u00e9clenchement de la g\u00e2chette avec une faible pression &#8211; <\/p>\n\n\n\n<p>Protection de la main pour \u00e9viter les blessures et protection contre les \u00e9pines et pointes des arbustes et buissons &#8211; <\/p>\n\n\n\n<p>G\u00e2chette de s\u00e9curit\u00e9 pour \u00e9viter les d\u00e9marrages intempestifs &#8211; <\/p>\n\n\n\n<p>Lames rempla\u00e7ables \u00e0 rev\u00eatement anti-adh\u00e9sif emp\u00eachant que les lames soient obstru\u00e9es par la s\u00e8ve et \u00e9vitant les temps d&rsquo;arr\u00eat li\u00e9s au nettoyage <\/p>\n\n\n\n<p>Poids de 1,9 kg . <\/p>\n\n\n\n<p><\/p>\n\n\n\n<p>Lors de la location batterie et chargeur mis \u00e0 disposition<\/p>\n<\/div><\/div>\n","protected":false},"excerpt":{"rendered":"<p>Capacit\u00e9 de coupe (jusqu&rsquo;\u00e0 38 mm) &#8211; S\u00e9cateur XR 18V &#8211; Capacit\u00e9 de coupe jusqu&rsquo;\u00e0 38 mm et 1000 coupes par charge avec 1 batterie XR 18V 5 Ah &#8211; Bonne pr\u00e9hension gr\u00e2ce au rev\u00eatement caoutchouc de la poign\u00e9e &#8211; D\u00e9clenchement de la g\u00e2chette avec une faible pression &#8211; Protection de la main pour \u00e9viter [&hellip;]<\/p>\n","protected":false},"author":1,"featured_media":0,"parent":254,"menu_order":0,"comment_status":"closed","ping_status":"closed","template":"","meta":{"footnotes":""},"class_list":["post-263","page","type-page","status-publish","hentry"],"_links":{"self":[{"href":"https:\/\/lokago.fr\/index.php?rest_route=\/wp\/v2\/pages\/263","targetHints":{"allow":["GET"]}}],"collection":[{"href":"https:\/\/lokago.fr\/index.php?rest_route=\/wp\/v2\/pages"}],"about":[{"href":"https:\/\/lokago.fr\/index.php?rest_route=\/wp\/v2\/types\/page"}],"author":[{"embeddable":true,"href":"https:\/\/lokago.fr\/index.php?rest_route=\/wp\/v2\/users\/1"}],"replies":[{"embeddable":true,"href":"https:\/\/lokago.fr\/index.php?rest_route=%2Fwp%2Fv2%2Fcomments&post=263"}],"version-history":[{"count":2,"href":"https:\/\/lokago.fr\/index.php?rest_route=\/wp\/v2\/pages\/263\/revisions"}],"predecessor-version":[{"id":266,"href":"https:\/\/lokago.fr\/index.php?rest_route=\/wp\/v2\/pages\/263\/revisions\/266"}],"up":[{"embeddable":true,"href":"https:\/\/lokago.fr\/index.php?rest_route=\/wp\/v2\/pages\/254"}],"wp:attachment":[{"href":"https:\/\/lokago.fr\/index.php?rest_route=%2Fwp%2Fv2%2Fmedia&parent=263"}],"curies":[{"name":"wp","href":"https:\/\/api.w.org\/{rel}","templated":true}]}}