{"id":248,"date":"2025-09-26T20:18:36","date_gmt":"2025-09-26T20:18:36","guid":{"rendered":"https:\/\/lokago.fr\/?page_id=248"},"modified":"2025-09-26T20:20:26","modified_gmt":"2025-09-26T20:20:26","slug":"remorque-double-essieux","status":"publish","type":"page","link":"https:\/\/lokago.fr\/?page_id=248","title":{"rendered":"Remorque double essieux"},"content":{"rendered":"\n<p><\/p>\n\n\n\n<div class=\"wp-block-media-text alignwide is-stacked-on-mobile\"><figure class=\"wp-block-media-text__media\"><img loading=\"lazy\" decoding=\"async\" width=\"750\" height=\"411\" src=\"https:\/\/lokago.fr\/wp-content\/uploads\/2025\/09\/remorque-1.jpg\" alt=\"\" class=\"wp-image-249 size-full\" srcset=\"https:\/\/lokago.fr\/wp-content\/uploads\/2025\/09\/remorque-1.jpg 750w, https:\/\/lokago.fr\/wp-content\/uploads\/2025\/09\/remorque-1-300x164.jpg 300w\" sizes=\"auto, (max-width: 750px) 100vw, 750px\" \/><\/figure><div class=\"wp-block-media-text__content\">\n<p><strong>Remorque double essieux + b\u00e2che plate<\/strong>\u00a0en acier galvanis\u00e9 et plancher en bois.<br>Dimensions ext. de la caisse : L. 256 x l. 134 x P. 30 cm.<br>Dimensions int. de la caisse : L. 250 x l. 128 x P. 29 cm.<br>Volume maximum de la caisse nue : 900 L et avec r\u00e9hausses : 1800 L.<br>Pour une remorque en PTAC 500 kg : charge utile de 294 kg et pour<br>une remorque en PTAC 750 kg : charge utile de 506 kg (remorque n\u00e9cessitant l\u2019\u00e9tablissement d\u2019un certificat d\u2019immatriculation).<br>Simple \u00e0 man\u0153uvrer gr\u00e2ce \u00e0 sa roue jockey<\/p>\n<\/div><\/div>\n\n\n\n<h2 class=\"wp-block-heading\">Accessoires disponibles en suppl\u00e9ment<\/h2>\n\n\n\n<p><\/p>\n\n\n\n<div class=\"wp-block-group alignwide is-nowrap is-layout-flex wp-container-core-group-is-layout-6c531013 wp-block-group-is-layout-flex\">\n<div class=\"wp-block-media-text is-stacked-on-mobile\"><figure class=\"wp-block-media-text__media\"><img loading=\"lazy\" decoding=\"async\" width=\"569\" height=\"396\" src=\"https:\/\/lokago.fr\/wp-content\/uploads\/2025\/09\/Capture-decran-2025-09-26-221602.png\" alt=\"\" class=\"wp-image-250 size-full\" srcset=\"https:\/\/lokago.fr\/wp-content\/uploads\/2025\/09\/Capture-decran-2025-09-26-221602.png 569w, https:\/\/lokago.fr\/wp-content\/uploads\/2025\/09\/Capture-decran-2025-09-26-221602-300x209.png 300w\" sizes=\"auto, (max-width: 569px) 100vw, 569px\" \/><\/figure><div class=\"wp-block-media-text__content\">\n<p>Rampes de chargement : 10\u20ac en suppl\u00e9ment de la location<\/p>\n<\/div><\/div>\n\n\n\n<div class=\"wp-block-media-text is-stacked-on-mobile\"><figure class=\"wp-block-media-text__media\"><img loading=\"lazy\" decoding=\"async\" width=\"324\" height=\"412\" src=\"https:\/\/lokago.fr\/wp-content\/uploads\/2025\/09\/Capture-decran-2025-09-26-221713.png\" alt=\"\" class=\"wp-image-251 size-full\" srcset=\"https:\/\/lokago.fr\/wp-content\/uploads\/2025\/09\/Capture-decran-2025-09-26-221713.png 324w, https:\/\/lokago.fr\/wp-content\/uploads\/2025\/09\/Capture-decran-2025-09-26-221713-236x300.png 236w\" sizes=\"auto, (max-width: 324px) 100vw, 324px\" \/><\/figure><div class=\"wp-block-media-text__content\">\n<p>Filet \u00e9lastique ou b\u00e2che : <\/p>\n\n\n\n<p>5\u20ac en suppl\u00e9ment de la location<\/p>\n<\/div><\/div>\n<\/div>\n\n\n\n<p><\/p>\n","protected":false},"excerpt":{"rendered":"<p>Remorque double essieux + b\u00e2che plate\u00a0en acier galvanis\u00e9 et plancher en bois.Dimensions ext. de la caisse : L. 256 x l. 134 x P. 30 cm.Dimensions int. de la caisse : L. 250 x l. 128 x P. 29 cm.Volume maximum de la caisse nue : 900 L et avec r\u00e9hausses : 1800 L.Pour une [&hellip;]<\/p>\n","protected":false},"author":1,"featured_media":0,"parent":70,"menu_order":0,"comment_status":"closed","ping_status":"closed","template":"","meta":{"footnotes":""},"class_list":["post-248","page","type-page","status-publish","hentry"],"_links":{"self":[{"href":"https:\/\/lokago.fr\/index.php?rest_route=\/wp\/v2\/pages\/248","targetHints":{"allow":["GET"]}}],"collection":[{"href":"https:\/\/lokago.fr\/index.php?rest_route=\/wp\/v2\/pages"}],"about":[{"href":"https:\/\/lokago.fr\/index.php?rest_route=\/wp\/v2\/types\/page"}],"author":[{"embeddable":true,"href":"https:\/\/lokago.fr\/index.php?rest_route=\/wp\/v2\/users\/1"}],"replies":[{"embeddable":true,"href":"https:\/\/lokago.fr\/index.php?rest_route=%2Fwp%2Fv2%2Fcomments&post=248"}],"version-history":[{"count":1,"href":"https:\/\/lokago.fr\/index.php?rest_route=\/wp\/v2\/pages\/248\/revisions"}],"predecessor-version":[{"id":252,"href":"https:\/\/lokago.fr\/index.php?rest_route=\/wp\/v2\/pages\/248\/revisions\/252"}],"up":[{"embeddable":true,"href":"https:\/\/lokago.fr\/index.php?rest_route=\/wp\/v2\/pages\/70"}],"wp:attachment":[{"href":"https:\/\/lokago.fr\/index.php?rest_route=%2Fwp%2Fv2%2Fmedia&parent=248"}],"curies":[{"name":"wp","href":"https:\/\/api.w.org\/{rel}","templated":true}]}}