{"id":244,"date":"2025-09-26T20:12:18","date_gmt":"2025-09-26T20:12:18","guid":{"rendered":"https:\/\/lokago.fr\/?page_id=244"},"modified":"2025-09-26T20:12:58","modified_gmt":"2025-09-26T20:12:58","slug":"leve-plaque-mondelin-easylev-plus","status":"publish","type":"page","link":"https:\/\/lokago.fr\/?page_id=244","title":{"rendered":"L\u00e8ve plaque Mondelin EasyLev Plus"},"content":{"rendered":"\n<p><\/p>\n\n\n\n<div class=\"wp-block-media-text alignwide is-stacked-on-mobile\" style=\"grid-template-columns:33% auto\"><figure class=\"wp-block-media-text__media\"><img loading=\"lazy\" decoding=\"async\" width=\"779\" height=\"1024\" src=\"https:\/\/lokago.fr\/wp-content\/uploads\/2025\/09\/WhatsApp-Image-2025-09-25-at-19.22.09-1-779x1024.jpeg\" alt=\"\" class=\"wp-image-245 size-full\" srcset=\"https:\/\/lokago.fr\/wp-content\/uploads\/2025\/09\/WhatsApp-Image-2025-09-25-at-19.22.09-1-779x1024.jpeg 779w, https:\/\/lokago.fr\/wp-content\/uploads\/2025\/09\/WhatsApp-Image-2025-09-25-at-19.22.09-1-228x300.jpeg 228w, https:\/\/lokago.fr\/wp-content\/uploads\/2025\/09\/WhatsApp-Image-2025-09-25-at-19.22.09-1-768x1010.jpeg 768w, https:\/\/lokago.fr\/wp-content\/uploads\/2025\/09\/WhatsApp-Image-2025-09-25-at-19.22.09-1.jpeg 850w\" sizes=\"auto, (max-width: 779px) 100vw, 779px\" \/><\/figure><div class=\"wp-block-media-text__content\">\n<p>L\u00e8ve plaques de pl\u00e2tre pour des installations simples et s\u00fbres. \u00c9quip\u00e9 d&rsquo;un treuil \u00e0 double bobine, avec un c\u00e2ble de travail et un c\u00e2ble de s\u00e9curit\u00e9. Convient aux installations horizontales et inclin\u00e9es avec hauteur r\u00e9glable de 3,3 \u00e0 3,5m. 8&nbsp;patins antid\u00e9rapants assurent un maintien s\u00fbr. Hauteur de chargement des plaques de pl\u00e2tre \u00e0 0,76m, permettant de pr\u00e9venir les risques de blessures. Facile \u00e0 d\u00e9placer avec 3&nbsp;roues de 100mm de diam\u00e8tre \u00e9quip\u00e9es de freins et une base robuste de 1,1m de large.<\/p>\n\n\n\n<p>Hauteur de levage max.\u00a0: 3,5m<\/p>\n\n\n\n<p>Capacit\u00e9 de charge max.\u00a0: 65kg<\/p>\n<\/div><\/div>\n","protected":false},"excerpt":{"rendered":"<p>L\u00e8ve plaques de pl\u00e2tre pour des installations simples et s\u00fbres. \u00c9quip\u00e9 d&rsquo;un treuil \u00e0 double bobine, avec un c\u00e2ble de travail et un c\u00e2ble de s\u00e9curit\u00e9. Convient aux installations horizontales et inclin\u00e9es avec hauteur r\u00e9glable de 3,3 \u00e0 3,5m. 8&nbsp;patins antid\u00e9rapants assurent un maintien s\u00fbr. Hauteur de chargement des plaques de pl\u00e2tre \u00e0 0,76m, permettant [&hellip;]<\/p>\n","protected":false},"author":1,"featured_media":0,"parent":70,"menu_order":0,"comment_status":"closed","ping_status":"closed","template":"","meta":{"footnotes":""},"class_list":["post-244","page","type-page","status-publish","hentry"],"_links":{"self":[{"href":"https:\/\/lokago.fr\/index.php?rest_route=\/wp\/v2\/pages\/244","targetHints":{"allow":["GET"]}}],"collection":[{"href":"https:\/\/lokago.fr\/index.php?rest_route=\/wp\/v2\/pages"}],"about":[{"href":"https:\/\/lokago.fr\/index.php?rest_route=\/wp\/v2\/types\/page"}],"author":[{"embeddable":true,"href":"https:\/\/lokago.fr\/index.php?rest_route=\/wp\/v2\/users\/1"}],"replies":[{"embeddable":true,"href":"https:\/\/lokago.fr\/index.php?rest_route=%2Fwp%2Fv2%2Fcomments&post=244"}],"version-history":[{"count":1,"href":"https:\/\/lokago.fr\/index.php?rest_route=\/wp\/v2\/pages\/244\/revisions"}],"predecessor-version":[{"id":246,"href":"https:\/\/lokago.fr\/index.php?rest_route=\/wp\/v2\/pages\/244\/revisions\/246"}],"up":[{"embeddable":true,"href":"https:\/\/lokago.fr\/index.php?rest_route=\/wp\/v2\/pages\/70"}],"wp:attachment":[{"href":"https:\/\/lokago.fr\/index.php?rest_route=%2Fwp%2Fv2%2Fmedia&parent=244"}],"curies":[{"name":"wp","href":"https:\/\/api.w.org\/{rel}","templated":true}]}}