{"id":240,"date":"2025-09-26T20:10:02","date_gmt":"2025-09-26T20:10:02","guid":{"rendered":"https:\/\/lokago.fr\/?page_id=240"},"modified":"2025-09-26T20:10:27","modified_gmt":"2025-09-26T20:10:27","slug":"marteau-piqueur","status":"publish","type":"page","link":"https:\/\/lokago.fr\/?page_id=240","title":{"rendered":"Marteau Piqueur"},"content":{"rendered":"\n<p>Einhell Marteau Piqueur TC-DH 43 (1600 W, Fr\u00e9quence de frappe: 1800 cps\/min, Force de frappe : 43J, Poign\u00e9e suppl\u00e9mentaire r\u00e9glable \u00e0 180\u00b0)\u00a0<\/p>\n\n\n\n<div class=\"wp-block-media-text alignwide is-stacked-on-mobile\"><figure class=\"wp-block-media-text__media\"><img loading=\"lazy\" decoding=\"async\" width=\"985\" height=\"520\" src=\"https:\/\/lokago.fr\/wp-content\/uploads\/2025\/09\/51Q2VrY0qmL._AC_.jpg\" alt=\"\" class=\"wp-image-241 size-full\" srcset=\"https:\/\/lokago.fr\/wp-content\/uploads\/2025\/09\/51Q2VrY0qmL._AC_.jpg 985w, https:\/\/lokago.fr\/wp-content\/uploads\/2025\/09\/51Q2VrY0qmL._AC_-300x158.jpg 300w, https:\/\/lokago.fr\/wp-content\/uploads\/2025\/09\/51Q2VrY0qmL._AC_-768x405.jpg 768w\" sizes=\"auto, (max-width: 985px) 100vw, 985px\" \/><\/figure><div class=\"wp-block-media-text__content\">\n<p>Une puissance maximale sera toujours \u00e0 votre disposition, \u00e0 la fois dans la maison et dans le jardin, gr\u00e2ce \u00e0 la force de percussion unique de 43 joules. La fixation d&rsquo;outil SDS (hexagonale) garantit un changement d&rsquo;outil rapide et facile.<\/p>\n\n\n\n<p>Le manche suppl\u00e9mentaire du marteau lourd a \u00e9t\u00e9 con\u00e7u pour \u00eatre r\u00e9glable \u00e0 180\u00b0, ce qui permet \u00e0 l&rsquo;outil de s&rsquo;adapter de mani\u00e8re flexible \u00e0 n&rsquo;importe quelle position de travail. Le c\u00e2ble robuste recouvert de caoutchouc de 3 m\u00e8tres de long garantit une mobilit\u00e9 maximale<\/p>\n\n\n\n<p>Ce brise-b\u00e9ton contient de l&rsquo;huile qui sera lib\u00e9r\u00e9e le long de la lame pour maintenir la lubrification. Cela fait partie du fonctionnement standard de la machine.<\/p>\n<\/div><\/div>\n\n\n\n<p><\/p>\n","protected":false},"excerpt":{"rendered":"<p>Einhell Marteau Piqueur TC-DH 43 (1600 W, Fr\u00e9quence de frappe: 1800 cps\/min, Force de frappe : 43J, Poign\u00e9e suppl\u00e9mentaire r\u00e9glable \u00e0 180\u00b0)\u00a0 Une puissance maximale sera toujours \u00e0 votre disposition, \u00e0 la fois dans la maison et dans le jardin, gr\u00e2ce \u00e0 la force de percussion unique de 43 joules. La fixation d&rsquo;outil SDS (hexagonale) [&hellip;]<\/p>\n","protected":false},"author":1,"featured_media":0,"parent":70,"menu_order":0,"comment_status":"closed","ping_status":"closed","template":"","meta":{"footnotes":""},"class_list":["post-240","page","type-page","status-publish","hentry"],"_links":{"self":[{"href":"https:\/\/lokago.fr\/index.php?rest_route=\/wp\/v2\/pages\/240","targetHints":{"allow":["GET"]}}],"collection":[{"href":"https:\/\/lokago.fr\/index.php?rest_route=\/wp\/v2\/pages"}],"about":[{"href":"https:\/\/lokago.fr\/index.php?rest_route=\/wp\/v2\/types\/page"}],"author":[{"embeddable":true,"href":"https:\/\/lokago.fr\/index.php?rest_route=\/wp\/v2\/users\/1"}],"replies":[{"embeddable":true,"href":"https:\/\/lokago.fr\/index.php?rest_route=%2Fwp%2Fv2%2Fcomments&post=240"}],"version-history":[{"count":1,"href":"https:\/\/lokago.fr\/index.php?rest_route=\/wp\/v2\/pages\/240\/revisions"}],"predecessor-version":[{"id":242,"href":"https:\/\/lokago.fr\/index.php?rest_route=\/wp\/v2\/pages\/240\/revisions\/242"}],"up":[{"embeddable":true,"href":"https:\/\/lokago.fr\/index.php?rest_route=\/wp\/v2\/pages\/70"}],"wp:attachment":[{"href":"https:\/\/lokago.fr\/index.php?rest_route=%2Fwp%2Fv2%2Fmedia&parent=240"}],"curies":[{"name":"wp","href":"https:\/\/api.w.org\/{rel}","templated":true}]}}