{"id":211,"date":"2025-09-21T17:09:15","date_gmt":"2025-09-21T17:09:15","guid":{"rendered":"https:\/\/lokago.fr\/?page_id=211"},"modified":"2025-09-21T17:09:27","modified_gmt":"2025-09-21T17:09:27","slug":"machine-photo-booth-a-360","status":"publish","type":"page","link":"https:\/\/lokago.fr\/?page_id=211","title":{"rendered":"Machine Photo Booth \u00e0 360\u00b0"},"content":{"rendered":"\n<div class=\"wp-block-media-text alignwide is-stacked-on-mobile\"><figure class=\"wp-block-media-text__media\"><img loading=\"lazy\" decoding=\"async\" width=\"757\" height=\"699\" src=\"https:\/\/lokago.fr\/wp-content\/uploads\/2025\/09\/photobooth-360-2.jpg\" alt=\"\" class=\"wp-image-212 size-full\" srcset=\"https:\/\/lokago.fr\/wp-content\/uploads\/2025\/09\/photobooth-360-2.jpg 757w, https:\/\/lokago.fr\/wp-content\/uploads\/2025\/09\/photobooth-360-2-300x277.jpg 300w\" sizes=\"auto, (max-width: 757px) 100vw, 757px\" \/><\/figure><div class=\"wp-block-media-text__content\">\n<p>Cette cabine photo rotative automatique \u00e0 360 degr\u00e9s peut prendre des photos et des vid\u00e9os \u00e9tonnantes \u00e0 360 degr\u00e9s que tout le monde adorera. <\/p>\n\n\n\n<p>Cette cabine photo \u00e0 360 degr\u00e9s est parfaite pour prendre des vid\u00e9os ou des photos panoramiques et prend en charge le GIF ainsi que le ralenti\/acc\u00e9l\u00e9r\u00e9. L&rsquo;utilisation de la cabine photo \u00e0 360 degr\u00e9s lors de vos \u00e9v\u00e9nements devient un plaisir absolu.<\/p>\n\n\n\n<p>Cabine photo \u00e0 360 degr\u00e9s avec anneau lumineux : trois couleurs \u00e0 r\u00e9gler : froid, chaud et plus de 20 couleurs RVB (appuyez plusieurs fois sur le bouton RVB pour changer la couleur comme vous le souhaitez). Vous pouvez \u00e9galement r\u00e9gler la luminosit\u00e9 \u00e0 un niveau agr\u00e9able.<\/p>\n\n\n\n<p>La cabine photo \u00e0 360 degr\u00e9s peut \u00eatre contr\u00f4l\u00e9e via la t\u00e9l\u00e9commande, y compris la vitesse et le sens de rotation ainsi que le contr\u00f4le des couleurs de la bande lumineuse LED. La perche \u00e0 selfie peut \u00e9galement \u00eatre r\u00e9gl\u00e9e \u00e0 la distance et \u00e0 la hauteur qui vous conviennent.<\/p>\n\n\n\n<p>En outre, notre cabine de cam\u00e9ra \u00e0 selfie \u00e0 360 degr\u00e9s prend en charge plusieurs appareils en m\u00eame temps. Compatible avec iPad, t\u00e9l\u00e9phone portable, appareil photo.<\/p>\n<\/div><\/div>\n\n\n\n<p>La plateforme de 80cm permets \u00e0 3 ou 4 personnes maximum de poser en simultan\u00e9. <\/p>\n\n\n\n<p><\/p>\n\n\n\n<p class=\"has-x-large-font-size\" style=\"border-style:none;border-width:0px\"><strong>Il s&rsquo;agit d&rsquo;une solution qui permet de prendre des photos ou film originaux avec vos propres appareils ou ceux de vos invit\u00e9s sans co\u00fbt suppl\u00e9mentaire. <\/strong><\/p>\n\n\n\n<p><\/p>\n","protected":false},"excerpt":{"rendered":"<p>Cette cabine photo rotative automatique \u00e0 360 degr\u00e9s peut prendre des photos et des vid\u00e9os \u00e9tonnantes \u00e0 360 degr\u00e9s que tout le monde adorera. Cette cabine photo \u00e0 360 degr\u00e9s est parfaite pour prendre des vid\u00e9os ou des photos panoramiques et prend en charge le GIF ainsi que le ralenti\/acc\u00e9l\u00e9r\u00e9. L&rsquo;utilisation de la cabine photo [&hellip;]<\/p>\n","protected":false},"author":1,"featured_media":0,"parent":173,"menu_order":0,"comment_status":"closed","ping_status":"closed","template":"","meta":{"footnotes":""},"class_list":["post-211","page","type-page","status-publish","hentry"],"_links":{"self":[{"href":"https:\/\/lokago.fr\/index.php?rest_route=\/wp\/v2\/pages\/211","targetHints":{"allow":["GET"]}}],"collection":[{"href":"https:\/\/lokago.fr\/index.php?rest_route=\/wp\/v2\/pages"}],"about":[{"href":"https:\/\/lokago.fr\/index.php?rest_route=\/wp\/v2\/types\/page"}],"author":[{"embeddable":true,"href":"https:\/\/lokago.fr\/index.php?rest_route=\/wp\/v2\/users\/1"}],"replies":[{"embeddable":true,"href":"https:\/\/lokago.fr\/index.php?rest_route=%2Fwp%2Fv2%2Fcomments&post=211"}],"version-history":[{"count":1,"href":"https:\/\/lokago.fr\/index.php?rest_route=\/wp\/v2\/pages\/211\/revisions"}],"predecessor-version":[{"id":213,"href":"https:\/\/lokago.fr\/index.php?rest_route=\/wp\/v2\/pages\/211\/revisions\/213"}],"up":[{"embeddable":true,"href":"https:\/\/lokago.fr\/index.php?rest_route=\/wp\/v2\/pages\/173"}],"wp:attachment":[{"href":"https:\/\/lokago.fr\/index.php?rest_route=%2Fwp%2Fv2%2Fmedia&parent=211"}],"curies":[{"name":"wp","href":"https:\/\/api.w.org\/{rel}","templated":true}]}}