{"id":190,"date":"2025-09-21T16:00:54","date_gmt":"2025-09-21T16:00:54","guid":{"rendered":"https:\/\/lokago.fr\/?page_id=190"},"modified":"2025-09-21T16:59:28","modified_gmt":"2025-09-21T16:59:28","slug":"machine-a-glace-a-litalienne","status":"publish","type":"page","link":"https:\/\/lokago.fr\/?page_id=190","title":{"rendered":"Machine \u00e0 glace \u00e0 l&rsquo;italienne"},"content":{"rendered":"\n<p><\/p>\n\n\n\n<figure class=\"wp-block-video\"><video height=\"2160\" style=\"aspect-ratio: 3840 \/ 2160;\" width=\"3840\" controls src=\"https:\/\/lokago.fr\/wp-content\/uploads\/2025\/09\/ice-cream-maker-tvc2.mp4\"><\/video><\/figure>\n\n\n\n<h2 class=\"wp-block-heading\">Caract\u00e9ristiques et d\u00e9tails<\/h2>\n\n\n\n<p>Haute productivit\u00e9 : Capable de produire jusqu&rsquo;\u00e0 21 L &#8211; 31 L de cr\u00e8me glac\u00e9e par heure, cette machine \u00e0 glace de comptoir commerciale fonctionne efficacement \u00e0 des temp\u00e9ratures ambiantes (5 \u00e0 32 \u00b0C ). Il peut fournir de mani\u00e8re constante 6 \u00e0 8 tasses de glace (chacune de 80 g) sans interruption.<\/p>\n\n\n\n<p>Cong\u00e9lation rapide avec refroidissement puissant : dot\u00e9e d&rsquo;un compresseur robuste et de 2 tr\u00e9mies de 5,5 L, cette machine \u00e0 glace commerciale permet un refroidissement rapide. <\/p>\n\n\n\n<p class=\"has-x-large-font-size\"><strong>Le temps de cong\u00e9lation initial n&rsquo;est que de 14 minutes, les lots suivants \u00e9tant pr\u00eats en 4 minutes ou moins, garantissant un approvisionnement continu.<\/strong><\/p>\n\n\n\n<p>Equip\u00e9e d&rsquo;un panneau de commande LED, cette machine simplifie le fonctionnement. Int\u00e9grant le refroidissement automatique, le r\u00e9glage de la duret\u00e9, le nettoyage en un clic et les r\u00e9glages de la minuterie. L&rsquo;\u00e9cran fournit des mises \u00e0 jour instantan\u00e9es sur le temps et la quantit\u00e9 de production.<\/p>\n\n\n\n<div class=\"wp-block-buttons is-content-justification-center is-layout-flex wp-container-core-buttons-is-layout-a89b3969 wp-block-buttons-is-layout-flex\">\n<div class=\"wp-block-button\"><a class=\"wp-block-button__link wp-element-button\" href=\"https:\/\/lokago.fr\/?page_id=134\">Pour avoir plus d&rsquo;informations sur les consommables<\/a><\/div>\n<\/div>\n","protected":false},"excerpt":{"rendered":"<p>Caract\u00e9ristiques et d\u00e9tails Haute productivit\u00e9 : Capable de produire jusqu&rsquo;\u00e0 21 L &#8211; 31 L de cr\u00e8me glac\u00e9e par heure, cette machine \u00e0 glace de comptoir commerciale fonctionne efficacement \u00e0 des temp\u00e9ratures ambiantes (5 \u00e0 32 \u00b0C ). Il peut fournir de mani\u00e8re constante 6 \u00e0 8 tasses de glace (chacune de 80 g) sans [&hellip;]<\/p>\n","protected":false},"author":1,"featured_media":0,"parent":173,"menu_order":0,"comment_status":"closed","ping_status":"closed","template":"","meta":{"footnotes":""},"class_list":["post-190","page","type-page","status-publish","hentry"],"_links":{"self":[{"href":"https:\/\/lokago.fr\/index.php?rest_route=\/wp\/v2\/pages\/190","targetHints":{"allow":["GET"]}}],"collection":[{"href":"https:\/\/lokago.fr\/index.php?rest_route=\/wp\/v2\/pages"}],"about":[{"href":"https:\/\/lokago.fr\/index.php?rest_route=\/wp\/v2\/types\/page"}],"author":[{"embeddable":true,"href":"https:\/\/lokago.fr\/index.php?rest_route=\/wp\/v2\/users\/1"}],"replies":[{"embeddable":true,"href":"https:\/\/lokago.fr\/index.php?rest_route=%2Fwp%2Fv2%2Fcomments&post=190"}],"version-history":[{"count":4,"href":"https:\/\/lokago.fr\/index.php?rest_route=\/wp\/v2\/pages\/190\/revisions"}],"predecessor-version":[{"id":207,"href":"https:\/\/lokago.fr\/index.php?rest_route=\/wp\/v2\/pages\/190\/revisions\/207"}],"up":[{"embeddable":true,"href":"https:\/\/lokago.fr\/index.php?rest_route=\/wp\/v2\/pages\/173"}],"wp:attachment":[{"href":"https:\/\/lokago.fr\/index.php?rest_route=%2Fwp%2Fv2%2Fmedia&parent=190"}],"curies":[{"name":"wp","href":"https:\/\/api.w.org\/{rel}","templated":true}]}}