{"id":183,"date":"2025-09-21T15:28:03","date_gmt":"2025-09-21T15:28:03","guid":{"rendered":"https:\/\/lokago.fr\/?page_id=183"},"modified":"2025-09-21T15:28:03","modified_gmt":"2025-09-21T15:28:03","slug":"machine-a-bulle-a-fumee-et-lumieres","status":"publish","type":"page","link":"https:\/\/lokago.fr\/?page_id=183","title":{"rendered":"Machine \u00e0 bulle, \u00e0 fum\u00e9e et lumi\u00e8res."},"content":{"rendered":"\n<p><\/p>\n\n\n\n<div class=\"wp-block-media-text alignwide is-stacked-on-mobile\" style=\"grid-template-columns:32% auto\"><figure class=\"wp-block-media-text__media\"><img loading=\"lazy\" decoding=\"async\" width=\"657\" height=\"249\" src=\"https:\/\/lokago.fr\/wp-content\/uploads\/2025\/09\/Machine-a-bulles-et-fumee.jpg\" alt=\"\" class=\"wp-image-185 size-full\" srcset=\"https:\/\/lokago.fr\/wp-content\/uploads\/2025\/09\/Machine-a-bulles-et-fumee.jpg 657w, https:\/\/lokago.fr\/wp-content\/uploads\/2025\/09\/Machine-a-bulles-et-fumee-300x114.jpg 300w\" sizes=\"auto, (max-width: 657px) 100vw, 657px\" \/><\/figure><div class=\"wp-block-media-text__content\">\n<p>Machine \u00e0 Fum\u00e9e, Machine \u00e0 Bulles, Machine a Fum\u00e9e de F\u00eate 1500W avec T\u00e9l\u00e9commande. <\/p>\n<\/div><\/div>\n\n\n\n<figure class=\"wp-block-image size-full\"><img loading=\"lazy\" decoding=\"async\" width=\"722\" height=\"612\" src=\"https:\/\/lokago.fr\/wp-content\/uploads\/2025\/09\/machine-a-bulles.jpg\" alt=\"\" class=\"wp-image-184\" srcset=\"https:\/\/lokago.fr\/wp-content\/uploads\/2025\/09\/machine-a-bulles.jpg 722w, https:\/\/lokago.fr\/wp-content\/uploads\/2025\/09\/machine-a-bulles-300x254.jpg 300w\" sizes=\"auto, (max-width: 722px) 100vw, 722px\" \/><\/figure>\n\n\n\n<ul class=\"wp-block-list is-style-default\">\n<li>Utilisation \u00e0 long terme : le premier chauffage de la machine \u00e0 fum\u00e9e prend environ 3 \u00e0 5 minutes et le chauffage ult\u00e9rieur prend 45 \u00e0 60 secondes. Le temps de pulv\u00e9risation de fum\u00e9e est de 2 \u00e0 3 minutes. <\/li>\n\n\n\n<li>2 litres de liquide \u00e0 bulles peuvent \u00eatre utilis\u00e9s pendant 30 minutes ; 1 litre de liquide de pulv\u00e9risation peut \u00eatre utilis\u00e9 pendant 1 heure<\/li>\n\n\n\n<li>Fum\u00e9e et bulles : la machine \u00e0 fum\u00e9e peut contr\u00f4ler ind\u00e9pendamment les lumi\u00e8res LED, pulv\u00e9riser de la fum\u00e9e et souffler des bulles. Vous pouvez \u00e9galement utiliser 3 fonctions en m\u00eame temps<\/li>\n\n\n\n<li>Plusieurs m\u00e9thodes de contr\u00f4le : t\u00e9l\u00e9commande, panneau de commande et contr\u00f4leur DMX<\/li>\n\n\n\n<li>Exp\u00e9rience unique : la fum\u00e9e est envelopp\u00e9e dans des bulles qui \u00e9clatent lorsqu&rsquo;elles sont dispers\u00e9es sur le sol, lib\u00e9rant de la fum\u00e9e, tr\u00e8s romantique<\/li>\n<\/ul>\n\n\n\n<p><\/p>\n\n\n\n<p><\/p>\n","protected":false},"excerpt":{"rendered":"<p>Machine \u00e0 Fum\u00e9e, Machine \u00e0 Bulles, Machine a Fum\u00e9e de F\u00eate 1500W avec T\u00e9l\u00e9commande.<\/p>\n","protected":false},"author":1,"featured_media":0,"parent":169,"menu_order":0,"comment_status":"closed","ping_status":"closed","template":"","meta":{"footnotes":""},"class_list":["post-183","page","type-page","status-publish","hentry"],"_links":{"self":[{"href":"https:\/\/lokago.fr\/index.php?rest_route=\/wp\/v2\/pages\/183","targetHints":{"allow":["GET"]}}],"collection":[{"href":"https:\/\/lokago.fr\/index.php?rest_route=\/wp\/v2\/pages"}],"about":[{"href":"https:\/\/lokago.fr\/index.php?rest_route=\/wp\/v2\/types\/page"}],"author":[{"embeddable":true,"href":"https:\/\/lokago.fr\/index.php?rest_route=\/wp\/v2\/users\/1"}],"replies":[{"embeddable":true,"href":"https:\/\/lokago.fr\/index.php?rest_route=%2Fwp%2Fv2%2Fcomments&post=183"}],"version-history":[{"count":1,"href":"https:\/\/lokago.fr\/index.php?rest_route=\/wp\/v2\/pages\/183\/revisions"}],"predecessor-version":[{"id":186,"href":"https:\/\/lokago.fr\/index.php?rest_route=\/wp\/v2\/pages\/183\/revisions\/186"}],"up":[{"embeddable":true,"href":"https:\/\/lokago.fr\/index.php?rest_route=\/wp\/v2\/pages\/169"}],"wp:attachment":[{"href":"https:\/\/lokago.fr\/index.php?rest_route=%2Fwp%2Fv2%2Fmedia&parent=183"}],"curies":[{"name":"wp","href":"https:\/\/api.w.org\/{rel}","templated":true}]}}