{"id":173,"date":"2025-09-21T09:34:39","date_gmt":"2025-09-21T09:34:39","guid":{"rendered":"https:\/\/lokago.fr\/?page_id=173"},"modified":"2025-09-21T17:09:49","modified_gmt":"2025-09-21T17:09:49","slug":"pour-un-moment-exceptionnel","status":"publish","type":"page","link":"https:\/\/lokago.fr\/?page_id=173","title":{"rendered":"POUR UN MOMENT EXCEPTIONNEL"},"content":{"rendered":"\n<div class=\"wp-block-group alignfull has-global-padding is-layout-constrained wp-block-group-is-layout-constrained\" style=\"margin-top:0;margin-bottom:0;padding-top:var(--wp--preset--spacing--50);padding-bottom:var(--wp--preset--spacing--50)\">\n<div class=\"wp-block-columns alignwide is-layout-flex wp-container-core-columns-is-layout-47c06fe3 wp-block-columns-is-layout-flex\">\n<div class=\"wp-block-column is-layout-flow wp-block-column-is-layout-flow\" style=\"flex-basis:56%\">\n<figure class=\"wp-block-image size-full\"><img loading=\"lazy\" decoding=\"async\" width=\"1536\" height=\"1024\" src=\"http:\/\/lokago.fr\/wp-content\/uploads\/2025\/08\/LOKAGO-Mange-une-grosse-glace-a-litalienne-sans-fond.png\" alt=\"\" class=\"wp-image-128\" style=\"aspect-ratio:4\/3;object-fit:cover\" srcset=\"https:\/\/lokago.fr\/wp-content\/uploads\/2025\/08\/LOKAGO-Mange-une-grosse-glace-a-litalienne-sans-fond.png 1536w, https:\/\/lokago.fr\/wp-content\/uploads\/2025\/08\/LOKAGO-Mange-une-grosse-glace-a-litalienne-sans-fond-300x200.png 300w, https:\/\/lokago.fr\/wp-content\/uploads\/2025\/08\/LOKAGO-Mange-une-grosse-glace-a-litalienne-sans-fond-1024x683.png 1024w, https:\/\/lokago.fr\/wp-content\/uploads\/2025\/08\/LOKAGO-Mange-une-grosse-glace-a-litalienne-sans-fond-768x512.png 768w\" sizes=\"auto, (max-width: 1536px) 100vw, 1536px\" \/><\/figure>\n<\/div>\n\n\n\n<div class=\"wp-block-column is-vertically-aligned-center is-layout-flow wp-container-core-column-is-layout-119bc444 wp-block-column-is-layout-flow\">\n<p class=\"has-x-large-font-size\">Les extras qui feront de votre f\u00eate un souvenir qui restera longtemps dans les m\u00e9moires. <\/p>\n<\/div>\n<\/div>\n<\/div>\n\n\n\n<h2 class=\"wp-block-heading has-xx-large-font-size\">Photo booth 360<\/h2>\n\n\n\n<div class=\"wp-block-group alignwide has-global-padding is-layout-constrained wp-block-group-is-layout-constrained\">\n<div class=\"wp-block-group alignfull is-layout-grid wp-container-core-group-is-layout-d2df4807 wp-block-group-is-layout-grid\" style=\"margin-top:0;margin-bottom:0;padding-top:var(--wp--preset--spacing--50);padding-bottom:var(--wp--preset--spacing--50)\">\n<figure class=\"wp-block-video wp-container-content-b7b76a88\"><video autoplay controls muted src=\"https:\/\/www.widemeet.com\/cdn\/shop\/videos\/c\/vp\/4fda51b0351947d4a26ff3fa8b1f7b89\/4fda51b0351947d4a26ff3fa8b1f7b89.HD-1080p-4.8Mbps-39131727.mp4?v=0\"><\/video><\/figure>\n\n\n\n<figure class=\"wp-block-image size-full wp-container-content-c1c21029\" style=\"margin-right:var(--wp--preset--spacing--80);margin-left:var(--wp--preset--spacing--80)\"><img loading=\"lazy\" decoding=\"async\" width=\"496\" height=\"519\" src=\"http:\/\/lokago.fr\/wp-content\/uploads\/2025\/09\/photobooth-360.jpg\" alt=\"\" class=\"wp-image-174\" srcset=\"https:\/\/lokago.fr\/wp-content\/uploads\/2025\/09\/photobooth-360.jpg 496w, https:\/\/lokago.fr\/wp-content\/uploads\/2025\/09\/photobooth-360-287x300.jpg 287w\" sizes=\"auto, (max-width: 496px) 100vw, 496px\" \/><\/figure>\n\n\n\n<p class=\"has-text-align-center is-style-text-display has-x-large-font-size wp-container-content-a2b264a0 is-style-text-display--1\">Pour des moments captur\u00e9s avec originalit\u00e9, n&rsquo;h\u00e9sitez pas \u00e0 proposer \u00e0 vos invit\u00e9s cette animation qui laissera des images atypique de votre \u00e9v\u00e9nement.<\/p>\n\n\n\n<p class=\"wp-container-content-60574546\"><\/p>\n<\/div>\n<\/div>\n\n\n\n<p class=\"has-text-align-center\">100\u20ac\/ Week end<\/p>\n\n\n\n<p class=\"has-text-align-center\">Installation comprise <\/p>\n\n\n\n<p><\/p>\n\n\n\n<div class=\"wp-block-buttons is-content-justification-center is-layout-flex wp-container-core-buttons-is-layout-a89b3969 wp-block-buttons-is-layout-flex\">\n<div class=\"wp-block-button\"><a class=\"wp-block-button__link wp-element-button\" href=\"https:\/\/lokago.fr\/?page_id=211\">En savoir plus<\/a><\/div>\n<\/div>\n\n\n\n<hr class=\"wp-block-separator has-alpha-channel-opacity\"\/>\n\n\n\n<h2 class=\"wp-block-heading has-x-large-font-size\">Machine \u00e0 glace \u00e0 l&rsquo;italienne<\/h2>\n\n\n\n<p><\/p>\n\n\n\n<div class=\"wp-block-media-text alignwide is-stacked-on-mobile\" style=\"grid-template-columns:24% auto\"><figure class=\"wp-block-media-text__media\"><img loading=\"lazy\" decoding=\"async\" width=\"481\" height=\"786\" src=\"http:\/\/lokago.fr\/wp-content\/uploads\/2025\/08\/vevor-machine-a-glace.jpg\" alt=\"\" class=\"wp-image-127 size-full\" srcset=\"https:\/\/lokago.fr\/wp-content\/uploads\/2025\/08\/vevor-machine-a-glace.jpg 481w, https:\/\/lokago.fr\/wp-content\/uploads\/2025\/08\/vevor-machine-a-glace-184x300.jpg 184w\" sizes=\"auto, (max-width: 481px) 100vw, 481px\" \/><\/figure><div class=\"wp-block-media-text__content\">\n<p>Machine \u00e0 glace comme \u00e0 la plage, pour une pause gourmande pour petits et grands ! <\/p>\n\n\n\n<p>Deux parfums possible et panachage des deux. <\/p>\n\n\n\n<p>100\u20ac\/jour<\/p>\n\n\n\n<p>150\u20ac\/ le Week end<\/p>\n\n\n\n<div class=\"wp-block-buttons is-layout-flex wp-block-buttons-is-layout-flex\">\n<div class=\"wp-block-button\"><a class=\"wp-block-button__link wp-element-button\" href=\"https:\/\/lokago.fr\/?page_id=190\">Plus d&rsquo;infos sur la machine<\/a><\/div>\n<\/div>\n\n\n\n<p>Les consommables sont \u00e0 charge du locataire de la machine mais nous pouvons les acheter pour vous sur devis. <\/p>\n\n\n\n<div class=\"wp-block-buttons is-layout-flex wp-block-buttons-is-layout-flex\">\n<div class=\"wp-block-button\"><a class=\"wp-block-button__link wp-element-button\" href=\"https:\/\/lokago.fr\/?page_id=134\">Plus d&rsquo;infos sur les consommables<\/a><\/div>\n<\/div>\n<\/div><\/div>\n","protected":false},"excerpt":{"rendered":"<p>Les extras qui feront de votre f\u00eate un souvenir qui restera longtemps dans les m\u00e9moires. Photo booth 360 Pour des moments captur\u00e9s avec originalit\u00e9, n&rsquo;h\u00e9sitez pas \u00e0 proposer \u00e0 vos invit\u00e9s cette animation qui laissera des images atypique de votre \u00e9v\u00e9nement. 100\u20ac\/ Week end Installation comprise Machine \u00e0 glace \u00e0 l&rsquo;italienne<\/p>\n","protected":false},"author":1,"featured_media":0,"parent":159,"menu_order":0,"comment_status":"closed","ping_status":"closed","template":"","meta":{"footnotes":""},"class_list":["post-173","page","type-page","status-publish","hentry"],"_links":{"self":[{"href":"https:\/\/lokago.fr\/index.php?rest_route=\/wp\/v2\/pages\/173","targetHints":{"allow":["GET"]}}],"collection":[{"href":"https:\/\/lokago.fr\/index.php?rest_route=\/wp\/v2\/pages"}],"about":[{"href":"https:\/\/lokago.fr\/index.php?rest_route=\/wp\/v2\/types\/page"}],"author":[{"embeddable":true,"href":"https:\/\/lokago.fr\/index.php?rest_route=\/wp\/v2\/users\/1"}],"replies":[{"embeddable":true,"href":"https:\/\/lokago.fr\/index.php?rest_route=%2Fwp%2Fv2%2Fcomments&post=173"}],"version-history":[{"count":6,"href":"https:\/\/lokago.fr\/index.php?rest_route=\/wp\/v2\/pages\/173\/revisions"}],"predecessor-version":[{"id":214,"href":"https:\/\/lokago.fr\/index.php?rest_route=\/wp\/v2\/pages\/173\/revisions\/214"}],"up":[{"embeddable":true,"href":"https:\/\/lokago.fr\/index.php?rest_route=\/wp\/v2\/pages\/159"}],"wp:attachment":[{"href":"https:\/\/lokago.fr\/index.php?rest_route=%2Fwp%2Fv2%2Fmedia&parent=173"}],"curies":[{"name":"wp","href":"https:\/\/api.w.org\/{rel}","templated":true}]}}