{"id":169,"date":"2025-09-21T08:36:08","date_gmt":"2025-09-21T08:36:08","guid":{"rendered":"https:\/\/lokago.fr\/?page_id=169"},"modified":"2025-09-28T14:48:45","modified_gmt":"2025-09-28T14:48:45","slug":"pour-aller-plus-loin-2","status":"publish","type":"page","link":"https:\/\/lokago.fr\/?page_id=169","title":{"rendered":"POUR ALLER PLUS LOIN"},"content":{"rendered":"\n<div class=\"wp-block-group alignfull has-global-padding is-layout-constrained wp-block-group-is-layout-constrained\" style=\"margin-top:0;margin-bottom:0;padding-top:var(--wp--preset--spacing--50);padding-bottom:var(--wp--preset--spacing--50)\">\n<div class=\"wp-block-columns alignwide is-layout-flex wp-container-core-columns-is-layout-47c06fe3 wp-block-columns-is-layout-flex\">\n<div class=\"wp-block-column is-layout-flow wp-block-column-is-layout-flow\" style=\"flex-basis:56%\">\n<figure class=\"wp-block-image size-full is-resized has-custom-border is-style-default\" style=\"margin-top:0;margin-right:var(--wp--preset--spacing--80);margin-bottom:0;margin-left:var(--wp--preset--spacing--80)\"><img loading=\"lazy\" decoding=\"async\" width=\"1024\" height=\"1536\" src=\"http:\/\/lokago.fr\/wp-content\/uploads\/2025\/09\/ChatGPT-Image-21-sept.-2025-11_10_21.png\" alt=\"\" class=\"wp-image-180\" style=\"border-style:none;border-width:0px;border-radius:0px;width:413px;height:auto\" srcset=\"https:\/\/lokago.fr\/wp-content\/uploads\/2025\/09\/ChatGPT-Image-21-sept.-2025-11_10_21.png 1024w, https:\/\/lokago.fr\/wp-content\/uploads\/2025\/09\/ChatGPT-Image-21-sept.-2025-11_10_21-200x300.png 200w, https:\/\/lokago.fr\/wp-content\/uploads\/2025\/09\/ChatGPT-Image-21-sept.-2025-11_10_21-683x1024.png 683w, https:\/\/lokago.fr\/wp-content\/uploads\/2025\/09\/ChatGPT-Image-21-sept.-2025-11_10_21-768x1152.png 768w\" sizes=\"auto, (max-width: 1024px) 100vw, 1024px\" \/><\/figure>\n<\/div>\n\n\n\n<div class=\"wp-block-column is-vertically-aligned-center is-layout-flow wp-container-core-column-is-layout-119bc444 wp-block-column-is-layout-flow\">\n<p class=\"has-x-large-font-size\">Pour faire de votre \u00e9v\u00e9nement un moment sp\u00e9cial <\/p>\n\n\n\n<div class=\"wp-block-buttons is-layout-flex wp-block-buttons-is-layout-flex\"><\/div>\n<\/div>\n<\/div>\n<\/div>\n\n\n\n<div class=\"wp-block-media-text alignwide is-stacked-on-mobile\"><figure class=\"wp-block-media-text__media\"><img loading=\"lazy\" decoding=\"async\" width=\"251\" height=\"195\" src=\"http:\/\/lokago.fr\/wp-content\/uploads\/2025\/09\/Machine-bulle-et-fumee.jpg\" alt=\"\" class=\"wp-image-156 size-full\"\/><\/figure><div class=\"wp-block-media-text__content\">\n<h2 class=\"wp-block-heading\">Machine \u00e0 bulle, \u00e0 fum\u00e9e et lumi\u00e8res. <\/h2>\n\n\n\n<div class=\"wp-block-buttons is-layout-flex wp-block-buttons-is-layout-flex\">\n<div class=\"wp-block-button\"><a class=\"wp-block-button__link wp-element-button\" href=\"https:\/\/lokago.fr\/?page_id=183\">Plus d&rsquo;informations<\/a><\/div>\n<\/div>\n<\/div><\/div>\n\n\n\n<div class=\"wp-block-media-text alignwide has-media-on-the-right is-stacked-on-mobile\"><div class=\"wp-block-media-text__content\">\n<h2 class=\"wp-block-heading\">Machine \u00e0 neige<\/h2>\n\n\n\n<div class=\"wp-block-buttons is-layout-flex wp-block-buttons-is-layout-flex\">\n<div class=\"wp-block-button\"><a class=\"wp-block-button__link wp-element-button\" href=\"https:\/\/lokago.fr\/?page_id=215\">Plus d&rsquo;informations<\/a><\/div>\n<\/div>\n<\/div><figure class=\"wp-block-media-text__media\"><img loading=\"lazy\" decoding=\"async\" width=\"1024\" height=\"628\" src=\"http:\/\/lokago.fr\/wp-content\/uploads\/2025\/09\/Machine-a-neige-1024x628.jpg\" alt=\"\" class=\"wp-image-155 size-full\" srcset=\"https:\/\/lokago.fr\/wp-content\/uploads\/2025\/09\/Machine-a-neige-1024x628.jpg 1024w, https:\/\/lokago.fr\/wp-content\/uploads\/2025\/09\/Machine-a-neige-300x184.jpg 300w, https:\/\/lokago.fr\/wp-content\/uploads\/2025\/09\/Machine-a-neige-768x471.jpg 768w, https:\/\/lokago.fr\/wp-content\/uploads\/2025\/09\/Machine-a-neige.jpg 1156w\" sizes=\"auto, (max-width: 1024px) 100vw, 1024px\" \/><\/figure><\/div>\n\n\n\n<div class=\"wp-block-media-text alignwide is-stacked-on-mobile\"><figure class=\"wp-block-media-text__media\"><img loading=\"lazy\" decoding=\"async\" width=\"987\" height=\"440\" src=\"https:\/\/lokago.fr\/wp-content\/uploads\/2025\/09\/Tonnelle.png\" alt=\"\" class=\"wp-image-297 size-full\" srcset=\"https:\/\/lokago.fr\/wp-content\/uploads\/2025\/09\/Tonnelle.png 987w, https:\/\/lokago.fr\/wp-content\/uploads\/2025\/09\/Tonnelle-300x134.png 300w, https:\/\/lokago.fr\/wp-content\/uploads\/2025\/09\/Tonnelle-768x342.png 768w\" sizes=\"auto, (max-width: 987px) 100vw, 987px\" \/><\/figure><div class=\"wp-block-media-text__content\">\n<h2 class=\"wp-block-heading\">Tonnelle 3 x 6m<\/h2>\n\n\n\n<div class=\"wp-block-buttons is-layout-flex wp-block-buttons-is-layout-flex\">\n<div class=\"wp-block-button\"><a class=\"wp-block-button__link wp-element-button\" href=\"https:\/\/lokago.fr\/?page_id=300\">En savoir plus<\/a><\/div>\n<\/div>\n<\/div><\/div>\n\n\n\n<p><\/p>\n","protected":false},"excerpt":{"rendered":"<p>Pour faire de votre \u00e9v\u00e9nement un moment sp\u00e9cial<\/p>\n","protected":false},"author":1,"featured_media":0,"parent":159,"menu_order":0,"comment_status":"closed","ping_status":"closed","template":"","meta":{"footnotes":""},"class_list":["post-169","page","type-page","status-publish","hentry"],"_links":{"self":[{"href":"https:\/\/lokago.fr\/index.php?rest_route=\/wp\/v2\/pages\/169","targetHints":{"allow":["GET"]}}],"collection":[{"href":"https:\/\/lokago.fr\/index.php?rest_route=\/wp\/v2\/pages"}],"about":[{"href":"https:\/\/lokago.fr\/index.php?rest_route=\/wp\/v2\/types\/page"}],"author":[{"embeddable":true,"href":"https:\/\/lokago.fr\/index.php?rest_route=\/wp\/v2\/users\/1"}],"replies":[{"embeddable":true,"href":"https:\/\/lokago.fr\/index.php?rest_route=%2Fwp%2Fv2%2Fcomments&post=169"}],"version-history":[{"count":7,"href":"https:\/\/lokago.fr\/index.php?rest_route=\/wp\/v2\/pages\/169\/revisions"}],"predecessor-version":[{"id":304,"href":"https:\/\/lokago.fr\/index.php?rest_route=\/wp\/v2\/pages\/169\/revisions\/304"}],"up":[{"embeddable":true,"href":"https:\/\/lokago.fr\/index.php?rest_route=\/wp\/v2\/pages\/159"}],"wp:attachment":[{"href":"https:\/\/lokago.fr\/index.php?rest_route=%2Fwp%2Fv2%2Fmedia&parent=169"}],"curies":[{"name":"wp","href":"https:\/\/api.w.org\/{rel}","templated":true}]}}