{"id":166,"date":"2025-09-21T08:18:13","date_gmt":"2025-09-21T08:18:13","guid":{"rendered":"https:\/\/lokago.fr\/?page_id=166"},"modified":"2025-09-21T08:36:44","modified_gmt":"2025-09-21T08:36:44","slug":"la-base-2","status":"publish","type":"page","link":"https:\/\/lokago.fr\/?page_id=166","title":{"rendered":"LA BASE"},"content":{"rendered":"\n<div class=\"wp-block-group alignfull has-global-padding is-layout-constrained wp-block-group-is-layout-constrained\" style=\"margin-top:0;margin-bottom:0;padding-top:var(--wp--preset--spacing--50);padding-bottom:var(--wp--preset--spacing--50)\">\n<div class=\"wp-block-columns alignwide is-layout-flex wp-container-core-columns-is-layout-47c06fe3 wp-block-columns-is-layout-flex\">\n<div class=\"wp-block-column is-layout-flow wp-block-column-is-layout-flow\" style=\"flex-basis:56%\">\n<figure class=\"wp-block-image size-full\"><img loading=\"lazy\" decoding=\"async\" width=\"1024\" height=\"1024\" src=\"http:\/\/lokago.fr\/wp-content\/uploads\/2025\/07\/ChatGPT-Image-25-juil.-2025-15_39_34.png\" alt=\"\" class=\"wp-image-30\" style=\"aspect-ratio:1;object-fit:cover\" srcset=\"https:\/\/lokago.fr\/wp-content\/uploads\/2025\/07\/ChatGPT-Image-25-juil.-2025-15_39_34.png 1024w, https:\/\/lokago.fr\/wp-content\/uploads\/2025\/07\/ChatGPT-Image-25-juil.-2025-15_39_34-300x300.png 300w, https:\/\/lokago.fr\/wp-content\/uploads\/2025\/07\/ChatGPT-Image-25-juil.-2025-15_39_34-150x150.png 150w, https:\/\/lokago.fr\/wp-content\/uploads\/2025\/07\/ChatGPT-Image-25-juil.-2025-15_39_34-768x768.png 768w\" sizes=\"auto, (max-width: 1024px) 100vw, 1024px\" \/><\/figure>\n<\/div>\n\n\n\n<div class=\"wp-block-column is-vertically-aligned-center is-layout-flow wp-container-core-column-is-layout-119bc444 wp-block-column-is-layout-flow\">\n<p class=\"has-x-large-font-size\"><br>Les articles de f\u00eate dont tout le monde \u00e0 besoin pour passer un bon moment !<\/p>\n\n\n\n<div class=\"wp-block-buttons is-layout-flex wp-block-buttons-is-layout-flex\"><\/div>\n<\/div>\n<\/div>\n<\/div>\n\n\n\n<h2 class=\"wp-block-heading has-x-large-font-size\">Tables &#8211; Mange debout &#8211; Bancs<\/h2>\n\n\n\n<div class=\"wp-block-group alignfull has-global-padding is-layout-constrained wp-block-group-is-layout-constrained\" style=\"margin-top:0;margin-bottom:0;padding-top:var(--wp--preset--spacing--50);padding-bottom:var(--wp--preset--spacing--50)\">\n<div class=\"wp-block-group alignwide is-style-default is-layout-grid wp-container-core-group-is-layout-325cda49 wp-block-group-is-layout-grid\" style=\"margin-top:0;margin-bottom:0;padding-right:var(--wp--preset--spacing--50);padding-left:var(--wp--preset--spacing--50)\">\n<figure class=\"wp-block-image size-full\"><img loading=\"lazy\" decoding=\"async\" width=\"600\" height=\"600\" src=\"http:\/\/lokago.fr\/wp-content\/uploads\/2025\/07\/table-pliante-en-polypropylene-l183-cm-p76-cm-gris.jpg\" alt=\"\" class=\"wp-image-48\" style=\"aspect-ratio:1;object-fit:cover\" srcset=\"https:\/\/lokago.fr\/wp-content\/uploads\/2025\/07\/table-pliante-en-polypropylene-l183-cm-p76-cm-gris.jpg 600w, https:\/\/lokago.fr\/wp-content\/uploads\/2025\/07\/table-pliante-en-polypropylene-l183-cm-p76-cm-gris-300x300.jpg 300w, https:\/\/lokago.fr\/wp-content\/uploads\/2025\/07\/table-pliante-en-polypropylene-l183-cm-p76-cm-gris-150x150.jpg 150w\" sizes=\"auto, (max-width: 600px) 100vw, 600px\" \/><\/figure>\n\n\n\n<figure class=\"wp-block-image size-full\"><img loading=\"lazy\" decoding=\"async\" width=\"600\" height=\"600\" src=\"http:\/\/lokago.fr\/wp-content\/uploads\/2025\/07\/mange-debout.jpg\" alt=\"\" class=\"wp-image-47\" style=\"aspect-ratio:1;object-fit:cover\" srcset=\"https:\/\/lokago.fr\/wp-content\/uploads\/2025\/07\/mange-debout.jpg 600w, https:\/\/lokago.fr\/wp-content\/uploads\/2025\/07\/mange-debout-300x300.jpg 300w, https:\/\/lokago.fr\/wp-content\/uploads\/2025\/07\/mange-debout-150x150.jpg 150w\" sizes=\"auto, (max-width: 600px) 100vw, 600px\" \/><\/figure>\n\n\n\n<figure class=\"wp-block-image size-full\"><img loading=\"lazy\" decoding=\"async\" width=\"800\" height=\"800\" src=\"http:\/\/lokago.fr\/wp-content\/uploads\/2025\/07\/37880.jpg\" alt=\"\" class=\"wp-image-46\" style=\"aspect-ratio:1;object-fit:cover\" srcset=\"https:\/\/lokago.fr\/wp-content\/uploads\/2025\/07\/37880.jpg 800w, https:\/\/lokago.fr\/wp-content\/uploads\/2025\/07\/37880-300x300.jpg 300w, https:\/\/lokago.fr\/wp-content\/uploads\/2025\/07\/37880-150x150.jpg 150w, https:\/\/lokago.fr\/wp-content\/uploads\/2025\/07\/37880-768x768.jpg 768w\" sizes=\"auto, (max-width: 800px) 100vw, 800px\" \/><\/figure>\n<\/div>\n\n\n\n<p class=\"has-text-align-center\">Nous proposons \u00e0 la location :<\/p>\n\n\n\n<p><\/p>\n\n\n\n<ul class=\"wp-block-list\">\n<li>6 Tables pliantes\n<ul class=\"wp-block-list\">\n<li class=\"has-medium-font-size\">5\u20ac\/jour<\/li>\n<\/ul>\n<\/li>\n\n\n\n<li>4 Mange debout\n<ul class=\"wp-block-list\">\n<li class=\"has-medium-font-size\">4\u20ac\/jour<\/li>\n<\/ul>\n<\/li>\n\n\n\n<li>2 Bancs\n<ul class=\"wp-block-list\">\n<li class=\"has-medium-font-size\">3\u20ac\/jour<\/li>\n<\/ul>\n<\/li>\n<\/ul>\n\n\n\n<p class=\"has-text-align-center\">Toute location d\u00e9passant les 24h un forfait de 10\u20ac \/jour suppl\u00e9mentaire sera appliqu\u00e9.<\/p>\n\n\n\n<hr class=\"wp-block-separator has-alpha-channel-opacity\"\/>\n\n\n\n<h2 class=\"wp-block-heading has-x-large-font-size\">Nappes disponibles<\/h2>\n<\/div>\n\n\n\n<div class=\"wp-block-group alignfull has-global-padding is-layout-constrained wp-block-group-is-layout-constrained\" style=\"margin-top:0;margin-bottom:0;padding-top:var(--wp--preset--spacing--50);padding-bottom:var(--wp--preset--spacing--50)\">\n<div class=\"wp-block-group alignwide is-style-default is-layout-grid wp-container-core-group-is-layout-325cda49 wp-block-group-is-layout-grid\" style=\"margin-top:0;margin-bottom:0;padding-right:var(--wp--preset--spacing--50);padding-left:var(--wp--preset--spacing--50)\">\n<figure class=\"wp-block-image size-full\"><img loading=\"lazy\" decoding=\"async\" width=\"779\" height=\"490\" src=\"http:\/\/lokago.fr\/wp-content\/uploads\/2025\/07\/napp.jpg\" alt=\"\" class=\"wp-image-56\" style=\"aspect-ratio:1;object-fit:cover\" srcset=\"https:\/\/lokago.fr\/wp-content\/uploads\/2025\/07\/napp.jpg 779w, https:\/\/lokago.fr\/wp-content\/uploads\/2025\/07\/napp-300x189.jpg 300w, https:\/\/lokago.fr\/wp-content\/uploads\/2025\/07\/napp-768x483.jpg 768w\" sizes=\"auto, (max-width: 779px) 100vw, 779px\" \/><\/figure>\n\n\n\n<figure class=\"wp-block-image size-full\"><img loading=\"lazy\" decoding=\"async\" width=\"836\" height=\"608\" src=\"http:\/\/lokago.fr\/wp-content\/uploads\/2025\/07\/nappe-buffet2.jpg\" alt=\"\" class=\"wp-image-55\" style=\"aspect-ratio:1;object-fit:cover\" srcset=\"https:\/\/lokago.fr\/wp-content\/uploads\/2025\/07\/nappe-buffet2.jpg 836w, https:\/\/lokago.fr\/wp-content\/uploads\/2025\/07\/nappe-buffet2-300x218.jpg 300w, https:\/\/lokago.fr\/wp-content\/uploads\/2025\/07\/nappe-buffet2-768x559.jpg 768w\" sizes=\"auto, (max-width: 836px) 100vw, 836px\" \/><\/figure>\n\n\n\n<figure class=\"wp-block-image size-full\"><img loading=\"lazy\" decoding=\"async\" width=\"836\" height=\"537\" src=\"http:\/\/lokago.fr\/wp-content\/uploads\/2025\/07\/nappe-mange-deb3.jpg\" alt=\"\" class=\"wp-image-54\" style=\"aspect-ratio:1;object-fit:cover\" srcset=\"https:\/\/lokago.fr\/wp-content\/uploads\/2025\/07\/nappe-mange-deb3.jpg 836w, https:\/\/lokago.fr\/wp-content\/uploads\/2025\/07\/nappe-mange-deb3-300x193.jpg 300w, https:\/\/lokago.fr\/wp-content\/uploads\/2025\/07\/nappe-mange-deb3-768x493.jpg 768w\" sizes=\"auto, (max-width: 836px) 100vw, 836px\" \/><\/figure>\n<\/div>\n<\/div>\n\n\n\n<ul class=\"wp-block-list\">\n<li>Nappe pour table rectangulaire :\n<ul class=\"wp-block-list\">\n<li>5 Nappes \u00e9lastique noires<\/li>\n\n\n\n<li>1 nappe \u00e9lastique \u00ab\u00a0buffet\u00a0\u00bb<\/li>\n<\/ul>\n<\/li>\n\n\n\n<li>Nappe pour mange debout :\n<ul class=\"wp-block-list\">\n<li>6 disponibles<\/li>\n<\/ul>\n<\/li>\n<\/ul>\n\n\n\n<p><\/p>\n\n\n\n<p class=\"has-text-align-center\">Tarif de 1\u20ac\/ Nappe pour toute la dur\u00e9e de la location.<\/p>\n\n\n\n<hr class=\"wp-block-separator has-alpha-channel-opacity\"\/>\n\n\n\n<h2 class=\"wp-block-heading has-x-large-font-size\">Cadre photo<\/h2>\n\n\n\n<div class=\"wp-block-group alignfull has-global-padding is-layout-constrained wp-block-group-is-layout-constrained\" style=\"margin-top:0;margin-bottom:0;padding-top:var(--wp--preset--spacing--50);padding-bottom:var(--wp--preset--spacing--50)\">\n<div class=\"wp-block-group alignwide is-style-default is-layout-grid wp-container-core-group-is-layout-325cda49 wp-block-group-is-layout-grid\" style=\"margin-top:0;margin-bottom:0;padding-right:var(--wp--preset--spacing--50);padding-left:var(--wp--preset--spacing--50)\">\n<figure class=\"wp-block-image size-full\"><img loading=\"lazy\" decoding=\"async\" width=\"1024\" height=\"1536\" src=\"http:\/\/lokago.fr\/wp-content\/uploads\/2025\/09\/ChatGPT-Image-21-sept.-2025-10_15_20.png\" alt=\"\" class=\"wp-image-167\" style=\"aspect-ratio:1;object-fit:cover\" srcset=\"https:\/\/lokago.fr\/wp-content\/uploads\/2025\/09\/ChatGPT-Image-21-sept.-2025-10_15_20.png 1024w, https:\/\/lokago.fr\/wp-content\/uploads\/2025\/09\/ChatGPT-Image-21-sept.-2025-10_15_20-200x300.png 200w, https:\/\/lokago.fr\/wp-content\/uploads\/2025\/09\/ChatGPT-Image-21-sept.-2025-10_15_20-683x1024.png 683w, https:\/\/lokago.fr\/wp-content\/uploads\/2025\/09\/ChatGPT-Image-21-sept.-2025-10_15_20-768x1152.png 768w\" sizes=\"auto, (max-width: 1024px) 100vw, 1024px\" \/><\/figure>\n\n\n\n<figure class=\"wp-block-image size-full wp-container-content-ca36d4c3\"><img loading=\"lazy\" decoding=\"async\" width=\"616\" height=\"544\" src=\"http:\/\/lokago.fr\/wp-content\/uploads\/2025\/07\/Cadre-photo.jpg\" alt=\"\" class=\"wp-image-57\" srcset=\"https:\/\/lokago.fr\/wp-content\/uploads\/2025\/07\/Cadre-photo.jpg 616w, https:\/\/lokago.fr\/wp-content\/uploads\/2025\/07\/Cadre-photo-300x265.jpg 300w\" sizes=\"auto, (max-width: 616px) 100vw, 616px\" \/><\/figure>\n\n\n\n<figure class=\"wp-block-image size-full wp-container-content-bc2bfd5b\"><img loading=\"lazy\" decoding=\"async\" width=\"615\" height=\"614\" src=\"http:\/\/lokago.fr\/wp-content\/uploads\/2025\/07\/dec1-2.jpg\" alt=\"\" class=\"wp-image-60\" srcset=\"https:\/\/lokago.fr\/wp-content\/uploads\/2025\/07\/dec1-2.jpg 615w, https:\/\/lokago.fr\/wp-content\/uploads\/2025\/07\/dec1-2-300x300.jpg 300w, https:\/\/lokago.fr\/wp-content\/uploads\/2025\/07\/dec1-2-150x150.jpg 150w\" sizes=\"auto, (max-width: 615px) 100vw, 615px\" \/><\/figure>\n\n\n\n<figure class=\"wp-block-image size-full\"><img loading=\"lazy\" decoding=\"async\" width=\"615\" height=\"614\" src=\"http:\/\/lokago.fr\/wp-content\/uploads\/2025\/07\/dec3.jpg\" alt=\"\" class=\"wp-image-61\" srcset=\"https:\/\/lokago.fr\/wp-content\/uploads\/2025\/07\/dec3.jpg 615w, https:\/\/lokago.fr\/wp-content\/uploads\/2025\/07\/dec3-300x300.jpg 300w, https:\/\/lokago.fr\/wp-content\/uploads\/2025\/07\/dec3-150x150.jpg 150w\" sizes=\"auto, (max-width: 615px) 100vw, 615px\" \/><\/figure>\n\n\n\n<figure class=\"wp-block-image size-full\"><img loading=\"lazy\" decoding=\"async\" width=\"606\" height=\"598\" src=\"http:\/\/lokago.fr\/wp-content\/uploads\/2025\/07\/40.jpg\" alt=\"\" class=\"wp-image-62\" srcset=\"https:\/\/lokago.fr\/wp-content\/uploads\/2025\/07\/40.jpg 606w, https:\/\/lokago.fr\/wp-content\/uploads\/2025\/07\/40-300x296.jpg 300w\" sizes=\"auto, (max-width: 606px) 100vw, 606px\" \/><\/figure>\n<\/div>\n<\/div>\n\n\n\n<p class=\"has-text-align-center\">Cadre pour fond de photo.<\/p>\n\n\n\n<p class=\"has-text-align-center\">5\u20ac la structure seule\/jour<\/p>\n\n\n\n<p class=\"has-text-align-center\">7\u20ac la structure avec fond\/jour<\/p>\n\n\n\n<p class=\"has-text-align-center\">10\u20ac la structure avec fond\/ Week end.<\/p>\n\n\n\n<p><\/p>\n","protected":false},"excerpt":{"rendered":"<p>Les articles de f\u00eate dont tout le monde \u00e0 besoin pour passer un bon moment ! Tables &#8211; Mange debout &#8211; Bancs Nous proposons \u00e0 la location : Toute location d\u00e9passant les 24h un forfait de 10\u20ac \/jour suppl\u00e9mentaire sera appliqu\u00e9. Nappes disponibles Tarif de 1\u20ac\/ Nappe pour toute la dur\u00e9e de la location. Cadre [&hellip;]<\/p>\n","protected":false},"author":1,"featured_media":0,"parent":159,"menu_order":0,"comment_status":"closed","ping_status":"closed","template":"","meta":{"footnotes":""},"class_list":["post-166","page","type-page","status-publish","hentry"],"_links":{"self":[{"href":"https:\/\/lokago.fr\/index.php?rest_route=\/wp\/v2\/pages\/166","targetHints":{"allow":["GET"]}}],"collection":[{"href":"https:\/\/lokago.fr\/index.php?rest_route=\/wp\/v2\/pages"}],"about":[{"href":"https:\/\/lokago.fr\/index.php?rest_route=\/wp\/v2\/types\/page"}],"author":[{"embeddable":true,"href":"https:\/\/lokago.fr\/index.php?rest_route=\/wp\/v2\/users\/1"}],"replies":[{"embeddable":true,"href":"https:\/\/lokago.fr\/index.php?rest_route=%2Fwp%2Fv2%2Fcomments&post=166"}],"version-history":[{"count":1,"href":"https:\/\/lokago.fr\/index.php?rest_route=\/wp\/v2\/pages\/166\/revisions"}],"predecessor-version":[{"id":168,"href":"https:\/\/lokago.fr\/index.php?rest_route=\/wp\/v2\/pages\/166\/revisions\/168"}],"up":[{"embeddable":true,"href":"https:\/\/lokago.fr\/index.php?rest_route=\/wp\/v2\/pages\/159"}],"wp:attachment":[{"href":"https:\/\/lokago.fr\/index.php?rest_route=%2Fwp%2Fv2%2Fmedia&parent=166"}],"curies":[{"name":"wp","href":"https:\/\/api.w.org\/{rel}","templated":true}]}}