{"id":134,"date":"2025-08-12T14:21:41","date_gmt":"2025-08-12T14:21:41","guid":{"rendered":"http:\/\/lokago.fr\/?page_id=134"},"modified":"2025-09-21T16:59:38","modified_gmt":"2025-09-21T16:59:38","slug":"les-consommables-de-glace-a-litalienne","status":"publish","type":"page","link":"https:\/\/lokago.fr\/?page_id=134","title":{"rendered":"Les consommables de glace \u00e0 l&rsquo;italienne"},"content":{"rendered":"\n<p><\/p>\n\n\n\n<p><\/p>\n\n\n\n<div class=\"wp-block-media-text alignfull is-stacked-on-mobile\"><figure class=\"wp-block-media-text__media\"><img loading=\"lazy\" decoding=\"async\" width=\"924\" height=\"555\" src=\"http:\/\/lokago.fr\/wp-content\/uploads\/2025\/08\/Saveurs-glace-a-litalienne-1.jpg\" alt=\"\" class=\"wp-image-136 size-full\" srcset=\"https:\/\/lokago.fr\/wp-content\/uploads\/2025\/08\/Saveurs-glace-a-litalienne-1.jpg 924w, https:\/\/lokago.fr\/wp-content\/uploads\/2025\/08\/Saveurs-glace-a-litalienne-1-300x180.jpg 300w, https:\/\/lokago.fr\/wp-content\/uploads\/2025\/08\/Saveurs-glace-a-litalienne-1-768x461.jpg 768w\" sizes=\"auto, (max-width: 924px) 100vw, 924px\" \/><\/figure><div class=\"wp-block-media-text__content\">\n<p>Nous travaillons avec les produits de chez Cerf Dellier : <\/p>\n\n\n\n<p class=\"has-contrast-color has-text-color has-link-color wp-elements-7cbce1eb8f8d2052152a48ebe3951d06\">La marque Montaigu propose des m\u00e9langes pr\u00eat \u00e0 l&#8217;emploi en deux formats 1.1kg et 5.5kg.<\/p>\n\n\n\n<p class=\"has-contrast-color has-text-color has-link-color wp-elements-56c3a48318515e323da6c38aa4572529\">Le magasin propose \u00e9galement des cornets en grande quantit\u00e9.<\/p>\n\n\n\n<p class=\"has-contrast-color has-text-color has-link-color wp-elements-e7661926fd2288cecdd35017eeb10b53\">Il nous est possible de vous fournir les \u00e9l\u00e9ments demand\u00e9s contre des frais de livraisons de 10\u20ac. <\/p>\n\n\n\n<p class=\"has-contrast-color has-text-color has-link-color wp-elements-ec4f4ffe05d8ce25af9f1a65b7bbca92\">Dans un soucis de transparence voici le lien vers leur site internet. <\/p>\n\n\n\n<p><\/p>\n\n\n\n<div class=\"wp-block-buttons is-content-justification-center is-layout-flex wp-container-core-buttons-is-layout-a89b3969 wp-block-buttons-is-layout-flex\">\n<div class=\"wp-block-button\"><a class=\"wp-block-button__link has-custom-color-4-color has-text-color has-link-color wp-element-button\" href=\"https:\/\/www.cerfdellier.com\/recherche?s=glace%20%C3%A0%20l%27italienne\">Site <\/a><\/div>\n<\/div>\n<\/div><\/div>\n\n\n\n<div class=\"wp-block-group alignfull is-layout-flow wp-container-core-group-is-layout-f9cb6abc wp-block-group-is-layout-flow\" style=\"margin-top:0;margin-bottom:0\"><\/div>\n\n\n\n<p class=\"has-text-align-center has-contrast-color has-text-color has-link-color wp-elements-12d8e7cf7cb782fdd54da6e8f141b2dd\">Nous pouvons \u00e9galement pr\u00e9voir de fournir en consommables :<\/p>\n\n\n\n<p class=\"has-text-align-center\">des petites cuill\u00e8res. <\/p>\n\n\n\n<p class=\"has-text-align-center\">Les pots en carton<\/p>\n\n\n\n<p><\/p>\n","protected":false},"excerpt":{"rendered":"<p>Nous pouvons \u00e9galement pr\u00e9voir de fournir en consommables : des petites cuill\u00e8res. Les pots en carton<\/p>\n","protected":false},"author":1,"featured_media":0,"parent":190,"menu_order":0,"comment_status":"closed","ping_status":"closed","template":"","meta":{"footnotes":""},"class_list":["post-134","page","type-page","status-publish","hentry"],"_links":{"self":[{"href":"https:\/\/lokago.fr\/index.php?rest_route=\/wp\/v2\/pages\/134","targetHints":{"allow":["GET"]}}],"collection":[{"href":"https:\/\/lokago.fr\/index.php?rest_route=\/wp\/v2\/pages"}],"about":[{"href":"https:\/\/lokago.fr\/index.php?rest_route=\/wp\/v2\/types\/page"}],"author":[{"embeddable":true,"href":"https:\/\/lokago.fr\/index.php?rest_route=\/wp\/v2\/users\/1"}],"replies":[{"embeddable":true,"href":"https:\/\/lokago.fr\/index.php?rest_route=%2Fwp%2Fv2%2Fcomments&post=134"}],"version-history":[{"count":5,"href":"https:\/\/lokago.fr\/index.php?rest_route=\/wp\/v2\/pages\/134\/revisions"}],"predecessor-version":[{"id":179,"href":"https:\/\/lokago.fr\/index.php?rest_route=\/wp\/v2\/pages\/134\/revisions\/179"}],"up":[{"embeddable":true,"href":"https:\/\/lokago.fr\/index.php?rest_route=\/wp\/v2\/pages\/190"}],"wp:attachment":[{"href":"https:\/\/lokago.fr\/index.php?rest_route=%2Fwp%2Fv2%2Fmedia&parent=134"}],"curies":[{"name":"wp","href":"https:\/\/api.w.org\/{rel}","templated":true}]}}