{"id":101,"date":"2025-07-28T11:48:24","date_gmt":"2025-07-28T11:48:24","guid":{"rendered":"http:\/\/lokago.fr\/?page_id=101"},"modified":"2025-09-26T20:04:46","modified_gmt":"2025-09-26T20:04:46","slug":"shampouineuse-professionnel-karcher","status":"publish","type":"page","link":"https:\/\/lokago.fr\/?page_id=101","title":{"rendered":"Shampouineuse professionnel Karcher"},"content":{"rendered":"\n<div class=\"wp-block-group alignfull is-layout-flow wp-container-core-group-is-layout-f9cb6abc wp-block-group-is-layout-flow\" style=\"margin-top:0;margin-bottom:0\">\n<div class=\"wp-block-columns alignfull is-not-stacked-on-mobile is-layout-flex wp-container-core-columns-is-layout-e154fb6a wp-block-columns-is-layout-flex\" style=\"margin-top:0;margin-bottom:0;padding-top:var(--wp--preset--spacing--40);padding-right:var(--wp--preset--spacing--40);padding-bottom:var(--wp--preset--spacing--80);padding-left:var(--wp--preset--spacing--40)\">\n<div class=\"wp-block-column is-layout-flow wp-block-column-is-layout-flow\" style=\"flex-basis:50%\">\n<div class=\"wp-block-group is-vertical is-content-justification-stretch is-layout-flex wp-container-core-group-is-layout-7e003bba wp-block-group-is-layout-flex\">\n<h2 class=\"wp-block-heading has-text-align-center has-xx-large-font-size\">\u00ab&nbsp;aspirateur injecteur extracteur Puzzi&nbsp;8\/1<\/h2>\n\n\n\n<p><\/p>\n\n\n\n<p class=\"has-text-align-center is-style-default has-x-large-font-size\">Shampouineuse professionnelKARCHER Puzzi 8\/1<\/p>\n\n\n\n<p class=\"has-text-align-center\">Compact et maniable, l&rsquo;injecteur-extracteur professionnel\u00a0Puzzi 8\/1 C est id\u00e9al pour le nettoyage des textiles, moquettes, si\u00e8ges capitonn\u00e9s, ect&#8230;<\/p>\n\n\n\n<p class=\"has-text-align-center\"><\/p>\n\n\n\n<p class=\"has-text-align-center\">Efficace<\/p>\n\n\n\n<p class=\"has-text-align-center\">Nettoyage parfait des surfaces textiles en profondeur. Le s\u00e9chage rapide permet de r\u00e9utiliser rapidement les surfaces gr\u00e2ce \u00e0 l&rsquo;excellente performance d&rsquo;aspiration arri\u00e8re. Excellent r\u00e9sultat de nettoyage avec un effet visible avant et apr\u00e8s.<\/p>\n\n\n\n<p class=\"has-text-align-center\">Suceur fauteuil ergonomique et ultra court<\/p>\n\n\n\n<p class=\"has-text-align-center\">La poign\u00e9e et les interrupteurs \u00e0 pression peuvent \u00eatre actionn\u00e9s d&rsquo;un seul doigt. La forme pratique du bouton permet diff\u00e9rentes positions de maintien. L&#8217;embout rouge garantit une consommation d&rsquo;eau efficace.<\/p>\n\n\n\n<p class=\"has-text-align-center\">R\u00e9servoir 2&nbsp;en&nbsp;1 intelligent et amovible<\/p>\n\n\n\n<p class=\"has-text-align-center has-x-large-font-size\">Remplissage rapide et facile du r\u00e9servoir d&rsquo;eau propre. Vidage confortable et facile de l&rsquo;eau sale. Illustration de d\u00e9marrage rapide pour une utilisation simple.<\/p>\n<\/div>\n<\/div>\n\n\n\n<div class=\"wp-block-column is-layout-flow wp-block-column-is-layout-flow\" style=\"flex-basis:50%\">\n<div class=\"wp-block-cover\" style=\"min-height:826px;aspect-ratio:unset;\"><img loading=\"lazy\" decoding=\"async\" width=\"803\" height=\"1020\" class=\"wp-block-cover__image-background wp-image-73\" alt=\"\" src=\"http:\/\/lokago.fr\/wp-content\/uploads\/2025\/07\/kar.jpg\" data-object-fit=\"cover\" srcset=\"https:\/\/lokago.fr\/wp-content\/uploads\/2025\/07\/kar.jpg 803w, https:\/\/lokago.fr\/wp-content\/uploads\/2025\/07\/kar-236x300.jpg 236w, https:\/\/lokago.fr\/wp-content\/uploads\/2025\/07\/kar-768x976.jpg 768w\" sizes=\"auto, (max-width: 803px) 100vw, 803px\" \/><span aria-hidden=\"true\" class=\"wp-block-cover__background has-background-dim\"><\/span><div class=\"wp-block-cover__inner-container is-layout-flow wp-block-cover-is-layout-flow\">\n<p class=\"has-text-align-center has-large-font-size\"><\/p>\n<\/div><\/div>\n<\/div>\n<\/div>\n<\/div>\n\n\n\n<p class=\"has-text-align-center has-x-large-font-size\">Donn\u00e9es techniques<\/p>\n\n\n\n<figure class=\"wp-block-table alignfull\"><table class=\"has-fixed-layout\"><tbody><tr><td>D\u00e9bit d&rsquo;air (l\/s)<\/td><td>71<\/td><\/tr><tr><td>D\u00e9pression (mbar\/kPa)<\/td><td>270 \/ 27<\/td><\/tr><tr><td>D\u00e9bit d\u2019injection (l\/min)<\/td><td>1<\/td><\/tr><tr><td>Pression d\u2019injection (bar)<\/td><td>1<\/td><\/tr><tr><td>R\u00e9servoir eau propre\/sale (l)<\/td><td>8 \/ 7<\/td><\/tr><tr><td>Puissance de la turbine (W)<\/td><td>1200<\/td><\/tr><tr><td>Puissance pompe (W)<\/td><td>40<\/td><\/tr><tr><td>Type de courant (Ph\/V\/Hz)<\/td><td>1 \/ 220 &#8211; 240 \/ 50 &#8211; 60<\/td><\/tr><tr><td>Niveau sonore (dB (A))<\/td><td>71<\/td><\/tr><\/tbody><\/table><\/figure>\n\n\n\n<p>Inclus dans la livraison<\/p>\n\n\n\n<ul class=\"wp-block-list\">\n<li>C\u00e2ble d\u2019alimentation: 7.5 m<\/li>\n\n\n\n<li>Suceur pour meubles court avec poign\u00e9e<\/li>\n\n\n\n<li>Flexible d&rsquo;injection\/d&rsquo;extraction: 2.5 m<\/li>\n\n\n\n<li>R\u00e9servoir 2 en 1 amovible pour l&rsquo;eau propre\/l&rsquo;eau sale<\/li>\n<\/ul>\n\n\n\n<figure class=\"wp-block-table alignfull\"><table class=\"has-fixed-layout\"><tbody><tr><th>D\u00e9pression (en kPa)<\/th><td>27<\/td><\/tr><tr><th>Niveau de bruit (en dB(A))<\/th><td>71<\/td><\/tr><tr><th>Capacit\u00e9 de la cuve (en l)<\/th><td>De 15 \u00e0 25<\/td><\/tr><tr><th>Puissance (en W)<\/th><td>1200<\/td><\/tr><tr><th>Longueur du c\u00e2ble (en m)<\/th><td>7.5<\/td><\/tr><tr><th>Fonction souffleur<\/th><td>Non<\/td><\/tr><tr><th>Variateur de puissance<\/th><td>Oui<\/td><\/tr><tr><th>Mati\u00e8re de la cuve<\/th><td>Polypropyl\u00e8ne<\/td><\/tr><tr><th>Poids du produit nu (en kg)<\/th><td>8.6<\/td><\/tr><tr><th>Type de filtre<\/th><td>Cartouche<\/td><\/tr><\/tbody><\/table><\/figure>\n","protected":false},"excerpt":{"rendered":"<p>\u00ab&nbsp;aspirateur injecteur extracteur Puzzi&nbsp;8\/1 Shampouineuse professionnelKARCHER Puzzi 8\/1 Compact et maniable, l&rsquo;injecteur-extracteur professionnel\u00a0Puzzi 8\/1 C est id\u00e9al pour le nettoyage des textiles, moquettes, si\u00e8ges capitonn\u00e9s, ect&#8230; Efficace Nettoyage parfait des surfaces textiles en profondeur. Le s\u00e9chage rapide permet de r\u00e9utiliser rapidement les surfaces gr\u00e2ce \u00e0 l&rsquo;excellente performance d&rsquo;aspiration arri\u00e8re. Excellent r\u00e9sultat de nettoyage avec un [&hellip;]<\/p>\n","protected":false},"author":1,"featured_media":0,"parent":233,"menu_order":0,"comment_status":"closed","ping_status":"closed","template":"","meta":{"footnotes":""},"class_list":["post-101","page","type-page","status-publish","hentry"],"_links":{"self":[{"href":"https:\/\/lokago.fr\/index.php?rest_route=\/wp\/v2\/pages\/101","targetHints":{"allow":["GET"]}}],"collection":[{"href":"https:\/\/lokago.fr\/index.php?rest_route=\/wp\/v2\/pages"}],"about":[{"href":"https:\/\/lokago.fr\/index.php?rest_route=\/wp\/v2\/types\/page"}],"author":[{"embeddable":true,"href":"https:\/\/lokago.fr\/index.php?rest_route=\/wp\/v2\/users\/1"}],"replies":[{"embeddable":true,"href":"https:\/\/lokago.fr\/index.php?rest_route=%2Fwp%2Fv2%2Fcomments&post=101"}],"version-history":[{"count":6,"href":"https:\/\/lokago.fr\/index.php?rest_route=\/wp\/v2\/pages\/101\/revisions"}],"predecessor-version":[{"id":111,"href":"https:\/\/lokago.fr\/index.php?rest_route=\/wp\/v2\/pages\/101\/revisions\/111"}],"up":[{"embeddable":true,"href":"https:\/\/lokago.fr\/index.php?rest_route=\/wp\/v2\/pages\/233"}],"wp:attachment":[{"href":"https:\/\/lokago.fr\/index.php?rest_route=%2Fwp%2Fv2%2Fmedia&parent=101"}],"curies":[{"name":"wp","href":"https:\/\/api.w.org\/{rel}","templated":true}]}}